{"id":6414,"date":"2023-08-29T15:42:14","date_gmt":"2023-08-29T13:42:14","guid":{"rendered":"https:\/\/ducktape.eu\/produkt\/non class\u00e9\/ruban-de-signalisation-duck-en-pvc-blanc-rouge\/"},"modified":"2023-08-29T15:42:14","modified_gmt":"2023-08-29T13:42:14","slug":"ruban-de-signalisation-duck-en-pvc-blanc-rouge","status":"publish","type":"product","link":"https:\/\/ducktape.eu\/fr\/produit\/securiser\/ruban-de-signalisation-duck-en-pvc-blanc-rouge\/","title":{"rendered":"Ruban de signalisation Duck<sup>\u00ae<\/sup> en PVC blanc \/ rouge"},"content":{"rendered":"<p><strong>Caract\u00e9ristiques  <\/strong><\/p>\n<ul>\n<li>Film PVC autocollant sur une face pour s\u00e9curiser, marquer, barrer<\/li>\n<li>Adh\u00e9sif sur une face<\/li>\n<li>Facile \u00e0 d\u00e9rouler<\/li>\n<li>Dimensions : 60mmx66m<\/li>\n<li>Disponible dans les couleurs noir-jaune et rouge-blanc<\/li>\n<\/ul>\n<p>&nbsp;<\/p>\n<p><strong>Domaine d&rsquo;application  <\/strong><\/p>\n<ul>\n<li>D\u00e9limitation des zones dangereuses temporaires (par exemple, les fouilles) et des obstacles mobiles tels que les barri\u00e8res et les portails<\/li>\n<li>Convient pour d\u00e9limiter les zones interdites d&rsquo;acc\u00e8s<\/li>\n<\/ul>\n","protected":false},"excerpt":{"rendered":"<p>Ton aide en cas de besoin, lorsqu&rsquo;il s&rsquo;agit de d\u00e9limiter des zones de danger temporaires comme des fouilles ou des obstacles mobiles comme des barri\u00e8res et des portails. Notre ruban de signalisation en PVC est extr\u00eamement polyvalent.<\/p>\n<p>Se d\u00e9roulant avec une grande facilit\u00e9, ce ruban adh\u00e9sif pour h\u00e9ros devient l&rsquo;arme ultime dans la lutte contre le chaos. Que tu veuilles d\u00e9limiter en toute s\u00e9curit\u00e9 un myst\u00e9rieux chantier ou cr\u00e9er ta propre petite no-go area, notre ruban de signalisation en PVC autocollant sur une face est le partenaire fiable dans le monde de la protection. Il est disponible en noir et jaune et en rouge et blanc, selon ce qui convient le mieux \u00e0 ta situation.<\/p>\n","protected":false},"featured_media":566,"comment_status":"open","ping_status":"closed","template":"","meta":[],"product_brand":[],"product_cat":[72],"product_tag":[],"class_list":{"0":"post-6414","1":"product","2":"type-product","3":"status-publish","4":"has-post-thumbnail","6":"product_cat-securiser","8":"first","9":"instock","10":"shipping-taxable","11":"product-type-simple"},"yoast_head":"<!-- This site is optimized with the Yoast SEO plugin v27.4 - https:\/\/yoast.com\/product\/yoast-seo-wordpress\/ -->\n<title>Ruban de signalisation Duck\u00ae en PVC blanc \/ rouge | Ducktape\u00ae<\/title>\n<meta name=\"description\" content=\"Entdecken Sie das vielseitige Produktsortiment von Duck\u00ae: Klebeb\u00e4nder f\u00fcr Innen, Au\u00dfen, Malerarbeiten, Reparaturen und Befestigungen.\" \/>\n<meta name=\"robots\" content=\"index, follow, max-snippet:-1, max-image-preview:large, max-video-preview:-1\" \/>\n<link rel=\"canonical\" href=\"https:\/\/ducktape.eu\/fr\/produit\/securiser\/ruban-de-signalisation-duck-en-pvc-blanc-rouge\/\" \/>\n<meta property=\"og:locale\" content=\"fr_FR\" \/>\n<meta property=\"og:type\" content=\"article\" \/>\n<meta property=\"og:title\" content=\"Ruban de signalisation Duck\u00ae en PVC blanc \/ rouge | Ducktape\u00ae\" \/>\n<meta property=\"og:description\" content=\"Entdecken Sie das vielseitige Produktsortiment von Duck\u00ae: Klebeb\u00e4nder f\u00fcr Innen, Au\u00dfen, Malerarbeiten, Reparaturen und Befestigungen.\" \/>\n<meta property=\"og:url\" content=\"https:\/\/ducktape.eu\/fr\/produit\/securiser\/ruban-de-signalisation-duck-en-pvc-blanc-rouge\/\" \/>\n<meta property=\"og:site_name\" content=\"Ducktape\u00ae\" \/>\n<meta property=\"og:image\" content=\"https:\/\/ducktape.eu\/wp-content\/uploads\/2023\/08\/134-00.png\" \/>\n\t<meta property=\"og:image:width\" content=\"1000\" \/>\n\t<meta property=\"og:image:height\" content=\"948\" \/>\n\t<meta property=\"og:image:type\" content=\"image\/png\" \/>\n<meta name=\"twitter:card\" content=\"summary_large_image\" \/>\n<script type=\"application\/ld+json\" class=\"yoast-schema-graph\">{\"@context\":\"https:\\\/\\\/schema.org\",\"@graph\":[{\"@type\":\"WebPage\",\"@id\":\"https:\\\/\\\/ducktape.eu\\\/fr\\\/produit\\\/securiser\\\/ruban-de-signalisation-duck-en-pvc-blanc-rouge\\\/\",\"url\":\"https:\\\/\\\/ducktape.eu\\\/fr\\\/produit\\\/securiser\\\/ruban-de-signalisation-duck-en-pvc-blanc-rouge\\\/\",\"name\":\"Ruban de signalisation Duck\u00ae en PVC blanc \\\/ rouge | Ducktape\u00ae\",\"isPartOf\":{\"@id\":\"https:\\\/\\\/ducktape.eu\\\/fr\\\/#website\"},\"primaryImageOfPage\":{\"@id\":\"https:\\\/\\\/ducktape.eu\\\/fr\\\/produit\\\/securiser\\\/ruban-de-signalisation-duck-en-pvc-blanc-rouge\\\/#primaryimage\"},\"image\":{\"@id\":\"https:\\\/\\\/ducktape.eu\\\/fr\\\/produit\\\/securiser\\\/ruban-de-signalisation-duck-en-pvc-blanc-rouge\\\/#primaryimage\"},\"thumbnailUrl\":\"https:\\\/\\\/ducktape.eu\\\/wp-content\\\/uploads\\\/2023\\\/08\\\/134-00.png\",\"datePublished\":\"2023-08-29T13:42:14+00:00\",\"description\":\"Entdecken Sie das vielseitige Produktsortiment von Duck\u00ae: Klebeb\u00e4nder f\u00fcr Innen, Au\u00dfen, Malerarbeiten, Reparaturen und Befestigungen.\",\"breadcrumb\":{\"@id\":\"https:\\\/\\\/ducktape.eu\\\/fr\\\/produit\\\/securiser\\\/ruban-de-signalisation-duck-en-pvc-blanc-rouge\\\/#breadcrumb\"},\"inLanguage\":\"fr-FR\",\"potentialAction\":[{\"@type\":\"ReadAction\",\"target\":[\"https:\\\/\\\/ducktape.eu\\\/fr\\\/produit\\\/securiser\\\/ruban-de-signalisation-duck-en-pvc-blanc-rouge\\\/\"]}]},{\"@type\":\"ImageObject\",\"inLanguage\":\"fr-FR\",\"@id\":\"https:\\\/\\\/ducktape.eu\\\/fr\\\/produit\\\/securiser\\\/ruban-de-signalisation-duck-en-pvc-blanc-rouge\\\/#primaryimage\",\"url\":\"https:\\\/\\\/ducktape.eu\\\/wp-content\\\/uploads\\\/2023\\\/08\\\/134-00.png\",\"contentUrl\":\"https:\\\/\\\/ducktape.eu\\\/wp-content\\\/uploads\\\/2023\\\/08\\\/134-00.png\",\"width\":1000,\"height\":948},{\"@type\":\"BreadcrumbList\",\"@id\":\"https:\\\/\\\/ducktape.eu\\\/fr\\\/produit\\\/securiser\\\/ruban-de-signalisation-duck-en-pvc-blanc-rouge\\\/#breadcrumb\",\"itemListElement\":[{\"@type\":\"ListItem\",\"position\":1,\"name\":\"Home\",\"item\":\"https:\\\/\\\/ducktape.eu\\\/fr\\\/page-daccueil\\\/\"},{\"@type\":\"ListItem\",\"position\":2,\"name\":\"Produits\",\"item\":\"https:\\\/\\\/ducktape.eu\\\/fr\\\/shop\\\/\"},{\"@type\":\"ListItem\",\"position\":3,\"name\":\"s\u00e9curiser\",\"item\":\"https:\\\/\\\/ducktape.eu\\\/fr\\\/cat\u00e9gorie-produits\\\/securiser\\\/\"},{\"@type\":\"ListItem\",\"position\":4,\"name\":\"Ruban de signalisation Duck\u00ae en PVC blanc \\\/ rouge\"}]},{\"@type\":\"WebSite\",\"@id\":\"https:\\\/\\\/ducktape.eu\\\/fr\\\/#website\",\"url\":\"https:\\\/\\\/ducktape.eu\\\/fr\\\/\",\"name\":\"Ducktape\u00ae\",\"description\":\"\",\"publisher\":{\"@id\":\"https:\\\/\\\/ducktape.eu\\\/fr\\\/#organization\"},\"potentialAction\":[{\"@type\":\"SearchAction\",\"target\":{\"@type\":\"EntryPoint\",\"urlTemplate\":\"https:\\\/\\\/ducktape.eu\\\/fr\\\/?s={search_term_string}\"},\"query-input\":{\"@type\":\"PropertyValueSpecification\",\"valueRequired\":true,\"valueName\":\"search_term_string\"}}],\"inLanguage\":\"fr-FR\"},{\"@type\":\"Organization\",\"@id\":\"https:\\\/\\\/ducktape.eu\\\/fr\\\/#organization\",\"name\":\"Ducktape\u00ae\",\"url\":\"https:\\\/\\\/ducktape.eu\\\/fr\\\/\",\"logo\":{\"@type\":\"ImageObject\",\"inLanguage\":\"fr-FR\",\"@id\":\"https:\\\/\\\/ducktape.eu\\\/fr\\\/#\\\/schema\\\/logo\\\/image\\\/\",\"url\":\"https:\\\/\\\/ducktape.eu\\\/wp-content\\\/uploads\\\/2023\\\/08\\\/ducktape-logo.svg\",\"contentUrl\":\"https:\\\/\\\/ducktape.eu\\\/wp-content\\\/uploads\\\/2023\\\/08\\\/ducktape-logo.svg\",\"caption\":\"Ducktape\u00ae\"},\"image\":{\"@id\":\"https:\\\/\\\/ducktape.eu\\\/fr\\\/#\\\/schema\\\/logo\\\/image\\\/\"}}]}<\/script>\n<!-- \/ Yoast SEO plugin. -->","yoast_head_json":{"title":"Ruban de signalisation Duck\u00ae en PVC blanc \/ rouge | Ducktape\u00ae","description":"Entdecken Sie das vielseitige Produktsortiment von Duck\u00ae: Klebeb\u00e4nder f\u00fcr Innen, Au\u00dfen, Malerarbeiten, Reparaturen und Befestigungen.","robots":{"index":"index","follow":"follow","max-snippet":"max-snippet:-1","max-image-preview":"max-image-preview:large","max-video-preview":"max-video-preview:-1"},"canonical":"https:\/\/ducktape.eu\/fr\/produit\/securiser\/ruban-de-signalisation-duck-en-pvc-blanc-rouge\/","og_locale":"fr_FR","og_type":"article","og_title":"Ruban de signalisation Duck\u00ae en PVC blanc \/ rouge | Ducktape\u00ae","og_description":"Entdecken Sie das vielseitige Produktsortiment von Duck\u00ae: Klebeb\u00e4nder f\u00fcr Innen, Au\u00dfen, Malerarbeiten, Reparaturen und Befestigungen.","og_url":"https:\/\/ducktape.eu\/fr\/produit\/securiser\/ruban-de-signalisation-duck-en-pvc-blanc-rouge\/","og_site_name":"Ducktape\u00ae","og_image":[{"width":1000,"height":948,"url":"https:\/\/ducktape.eu\/wp-content\/uploads\/2023\/08\/134-00.png","type":"image\/png"}],"twitter_card":"summary_large_image","schema":{"@context":"https:\/\/schema.org","@graph":[{"@type":"WebPage","@id":"https:\/\/ducktape.eu\/fr\/produit\/securiser\/ruban-de-signalisation-duck-en-pvc-blanc-rouge\/","url":"https:\/\/ducktape.eu\/fr\/produit\/securiser\/ruban-de-signalisation-duck-en-pvc-blanc-rouge\/","name":"Ruban de signalisation Duck\u00ae en PVC blanc \/ rouge | Ducktape\u00ae","isPartOf":{"@id":"https:\/\/ducktape.eu\/fr\/#website"},"primaryImageOfPage":{"@id":"https:\/\/ducktape.eu\/fr\/produit\/securiser\/ruban-de-signalisation-duck-en-pvc-blanc-rouge\/#primaryimage"},"image":{"@id":"https:\/\/ducktape.eu\/fr\/produit\/securiser\/ruban-de-signalisation-duck-en-pvc-blanc-rouge\/#primaryimage"},"thumbnailUrl":"https:\/\/ducktape.eu\/wp-content\/uploads\/2023\/08\/134-00.png","datePublished":"2023-08-29T13:42:14+00:00","description":"Entdecken Sie das vielseitige Produktsortiment von Duck\u00ae: Klebeb\u00e4nder f\u00fcr Innen, Au\u00dfen, Malerarbeiten, Reparaturen und Befestigungen.","breadcrumb":{"@id":"https:\/\/ducktape.eu\/fr\/produit\/securiser\/ruban-de-signalisation-duck-en-pvc-blanc-rouge\/#breadcrumb"},"inLanguage":"fr-FR","potentialAction":[{"@type":"ReadAction","target":["https:\/\/ducktape.eu\/fr\/produit\/securiser\/ruban-de-signalisation-duck-en-pvc-blanc-rouge\/"]}]},{"@type":"ImageObject","inLanguage":"fr-FR","@id":"https:\/\/ducktape.eu\/fr\/produit\/securiser\/ruban-de-signalisation-duck-en-pvc-blanc-rouge\/#primaryimage","url":"https:\/\/ducktape.eu\/wp-content\/uploads\/2023\/08\/134-00.png","contentUrl":"https:\/\/ducktape.eu\/wp-content\/uploads\/2023\/08\/134-00.png","width":1000,"height":948},{"@type":"BreadcrumbList","@id":"https:\/\/ducktape.eu\/fr\/produit\/securiser\/ruban-de-signalisation-duck-en-pvc-blanc-rouge\/#breadcrumb","itemListElement":[{"@type":"ListItem","position":1,"name":"Home","item":"https:\/\/ducktape.eu\/fr\/page-daccueil\/"},{"@type":"ListItem","position":2,"name":"Produits","item":"https:\/\/ducktape.eu\/fr\/shop\/"},{"@type":"ListItem","position":3,"name":"s\u00e9curiser","item":"https:\/\/ducktape.eu\/fr\/cat\u00e9gorie-produits\/securiser\/"},{"@type":"ListItem","position":4,"name":"Ruban de signalisation Duck\u00ae en PVC blanc \/ rouge"}]},{"@type":"WebSite","@id":"https:\/\/ducktape.eu\/fr\/#website","url":"https:\/\/ducktape.eu\/fr\/","name":"Ducktape\u00ae","description":"","publisher":{"@id":"https:\/\/ducktape.eu\/fr\/#organization"},"potentialAction":[{"@type":"SearchAction","target":{"@type":"EntryPoint","urlTemplate":"https:\/\/ducktape.eu\/fr\/?s={search_term_string}"},"query-input":{"@type":"PropertyValueSpecification","valueRequired":true,"valueName":"search_term_string"}}],"inLanguage":"fr-FR"},{"@type":"Organization","@id":"https:\/\/ducktape.eu\/fr\/#organization","name":"Ducktape\u00ae","url":"https:\/\/ducktape.eu\/fr\/","logo":{"@type":"ImageObject","inLanguage":"fr-FR","@id":"https:\/\/ducktape.eu\/fr\/#\/schema\/logo\/image\/","url":"https:\/\/ducktape.eu\/wp-content\/uploads\/2023\/08\/ducktape-logo.svg","contentUrl":"https:\/\/ducktape.eu\/wp-content\/uploads\/2023\/08\/ducktape-logo.svg","caption":"Ducktape\u00ae"},"image":{"@id":"https:\/\/ducktape.eu\/fr\/#\/schema\/logo\/image\/"}}]}},"_links":{"self":[{"href":"https:\/\/ducktape.eu\/fr\/wp-json\/wp\/v2\/product\/6414","targetHints":{"allow":["GET"]}}],"collection":[{"href":"https:\/\/ducktape.eu\/fr\/wp-json\/wp\/v2\/product"}],"about":[{"href":"https:\/\/ducktape.eu\/fr\/wp-json\/wp\/v2\/types\/product"}],"replies":[{"embeddable":true,"href":"https:\/\/ducktape.eu\/fr\/wp-json\/wp\/v2\/comments?post=6414"}],"wp:featuredmedia":[{"embeddable":true,"href":"https:\/\/ducktape.eu\/fr\/wp-json\/wp\/v2\/media\/566"}],"wp:attachment":[{"href":"https:\/\/ducktape.eu\/fr\/wp-json\/wp\/v2\/media?parent=6414"}],"wp:term":[{"taxonomy":"product_brand","embeddable":true,"href":"https:\/\/ducktape.eu\/fr\/wp-json\/wp\/v2\/product_brand?post=6414"},{"taxonomy":"product_cat","embeddable":true,"href":"https:\/\/ducktape.eu\/fr\/wp-json\/wp\/v2\/product_cat?post=6414"},{"taxonomy":"product_tag","embeddable":true,"href":"https:\/\/ducktape.eu\/fr\/wp-json\/wp\/v2\/product_tag?post=6414"}],"curies":[{"name":"wp","href":"https:\/\/api.w.org\/{rel}","templated":true}]}}