{"id":6393,"date":"2023-08-29T15:42:15","date_gmt":"2023-08-29T13:42:15","guid":{"rendered":"https:\/\/ducktape.eu\/produkt\/non class\u00e9\/ruban-demballage-duck-transparent\/"},"modified":"2023-08-29T15:42:15","modified_gmt":"2023-08-29T13:42:15","slug":"ruban-demballage-duck-transparent","status":"publish","type":"product","link":"https:\/\/ducktape.eu\/fr\/produit\/emballer\/ruban-demballage-duck-transparent\/","title":{"rendered":"Ruban d&#8217;emballage Duck<sup>\u00ae<\/sup> Transparent"},"content":{"rendered":"<p><strong>Caract\u00e9ristiques<\/strong><\/p>\n<ul>\n<li>Ruban d&#8217;emballage polyvalent \u00e0 usage g\u00e9n\u00e9ral<\/li>\n<li>Transparent pour une finition discr\u00e8te<\/li>\n<li>Dimensions : 48mm x 66m<\/li>\n<li>Pour encore plus de confort : combiner avec le d\u00e9rouleur manuel et d\u00e9rouler sans stress<\/li>\n<\/ul>\n<p>&nbsp;<\/p>\n<p><strong>Domaine d&rsquo;application  <\/strong><\/p>\n<ul>\n<li>pour fermer les paquets et les cartons<\/li>\n<li>Id\u00e9al pour les d\u00e9m\u00e9nagements, le stockage et l&rsquo;exp\u00e9dition<\/li>\n<\/ul>\n","protected":false},"excerpt":{"rendered":"<p>D\u00e9couvre le ruban d&#8217;emballage polyvalent de Duck &#8211; ton compagnon fiable pour chaque t\u00e2che d&#8217;emballage ! Ce ruban transparent n&rsquo;offre pas seulement une finition discr\u00e8te, il est aussi extr\u00eamement polyvalent.<\/p>\n<p>Avec des dimensions de 48 mm x 66 m, il t&rsquo;offre une longueur suffisante pour tous tes besoins d&#8217;emballage. Que ce soit lors d&rsquo;un d\u00e9m\u00e9nagement, d&rsquo;un stockage ou d&rsquo;une exp\u00e9dition, ce ruban d&#8217;emballage est ton compagnon pratique.<\/p>\n<p>Pour encore plus de confort, tu peux le combiner avec le d\u00e9rouleur manuel pour rendre le d\u00e9roulement encore plus facile. Scellez facilement vos paquets et vos cartons pour une exp\u00e9dition sans stress.<br \/>\nCe ruban d&#8217;emballage est comme le super-h\u00e9ros des mat\u00e9riaux d&#8217;emballage, pr\u00eat \u00e0 accomplir n&rsquo;importe quelle t\u00e2che d&#8217;emballage avec aisance.<\/p>\n<p>Brain te convient mieux ? Pas de probl\u00e8me. Car Duck veut \u00eatre \u00e0 tes c\u00f4t\u00e9s dans toutes les situations de la vie !<\/p>\n","protected":false},"featured_media":501,"comment_status":"open","ping_status":"closed","template":"","meta":[],"product_brand":[],"product_cat":[76],"product_tag":[],"class_list":{"0":"post-6393","1":"product","2":"type-product","3":"status-publish","4":"has-post-thumbnail","6":"product_cat-emballer","8":"first","9":"instock","10":"shipping-taxable","11":"purchasable","12":"product-type-variable"},"yoast_head":"<!-- This site is optimized with the Yoast SEO plugin v27.5 - https:\/\/yoast.com\/product\/yoast-seo-wordpress\/ -->\n<title>Ruban d&#039;emballage Duck\u00ae Transparent | Ducktape\u00ae<\/title>\n<meta name=\"description\" content=\"Entdecken Sie das vielseitige Produktsortiment von Duck\u00ae: Klebeb\u00e4nder f\u00fcr Innen, Au\u00dfen, Malerarbeiten, Reparaturen und Befestigungen.\" \/>\n<meta name=\"robots\" content=\"index, follow, max-snippet:-1, max-image-preview:large, max-video-preview:-1\" \/>\n<link rel=\"canonical\" href=\"https:\/\/ducktape.eu\/fr\/produit\/emballer\/ruban-demballage-duck-transparent\/\" \/>\n<meta property=\"og:locale\" content=\"fr_FR\" \/>\n<meta property=\"og:type\" content=\"article\" \/>\n<meta property=\"og:title\" content=\"Ruban d&#039;emballage Duck\u00ae Transparent | Ducktape\u00ae\" \/>\n<meta property=\"og:description\" content=\"Entdecken Sie das vielseitige Produktsortiment von Duck\u00ae: Klebeb\u00e4nder f\u00fcr Innen, Au\u00dfen, Malerarbeiten, Reparaturen und Befestigungen.\" \/>\n<meta property=\"og:url\" content=\"https:\/\/ducktape.eu\/fr\/produit\/emballer\/ruban-demballage-duck-transparent\/\" \/>\n<meta property=\"og:site_name\" content=\"Ducktape\u00ae\" \/>\n<meta property=\"og:image\" content=\"https:\/\/ducktape.eu\/wp-content\/uploads\/2023\/08\/119-00.png\" \/>\n\t<meta property=\"og:image:width\" content=\"1000\" \/>\n\t<meta property=\"og:image:height\" content=\"1000\" \/>\n\t<meta property=\"og:image:type\" content=\"image\/png\" \/>\n<meta name=\"twitter:card\" content=\"summary_large_image\" \/>\n<script type=\"application\/ld+json\" class=\"yoast-schema-graph\">{\"@context\":\"https:\\\/\\\/schema.org\",\"@graph\":[{\"@type\":\"WebPage\",\"@id\":\"https:\\\/\\\/ducktape.eu\\\/fr\\\/produit\\\/emballer\\\/ruban-demballage-duck-transparent\\\/\",\"url\":\"https:\\\/\\\/ducktape.eu\\\/fr\\\/produit\\\/emballer\\\/ruban-demballage-duck-transparent\\\/\",\"name\":\"Ruban d'emballage Duck\u00ae Transparent | Ducktape\u00ae\",\"isPartOf\":{\"@id\":\"https:\\\/\\\/ducktape.eu\\\/fr\\\/#website\"},\"primaryImageOfPage\":{\"@id\":\"https:\\\/\\\/ducktape.eu\\\/fr\\\/produit\\\/emballer\\\/ruban-demballage-duck-transparent\\\/#primaryimage\"},\"image\":{\"@id\":\"https:\\\/\\\/ducktape.eu\\\/fr\\\/produit\\\/emballer\\\/ruban-demballage-duck-transparent\\\/#primaryimage\"},\"thumbnailUrl\":\"https:\\\/\\\/ducktape.eu\\\/wp-content\\\/uploads\\\/2023\\\/08\\\/119-00.png\",\"datePublished\":\"2023-08-29T13:42:15+00:00\",\"description\":\"Entdecken Sie das vielseitige Produktsortiment von Duck\u00ae: Klebeb\u00e4nder f\u00fcr Innen, Au\u00dfen, Malerarbeiten, Reparaturen und Befestigungen.\",\"breadcrumb\":{\"@id\":\"https:\\\/\\\/ducktape.eu\\\/fr\\\/produit\\\/emballer\\\/ruban-demballage-duck-transparent\\\/#breadcrumb\"},\"inLanguage\":\"fr-FR\",\"potentialAction\":[{\"@type\":\"ReadAction\",\"target\":[\"https:\\\/\\\/ducktape.eu\\\/fr\\\/produit\\\/emballer\\\/ruban-demballage-duck-transparent\\\/\"]}]},{\"@type\":\"ImageObject\",\"inLanguage\":\"fr-FR\",\"@id\":\"https:\\\/\\\/ducktape.eu\\\/fr\\\/produit\\\/emballer\\\/ruban-demballage-duck-transparent\\\/#primaryimage\",\"url\":\"https:\\\/\\\/ducktape.eu\\\/wp-content\\\/uploads\\\/2023\\\/08\\\/119-00.png\",\"contentUrl\":\"https:\\\/\\\/ducktape.eu\\\/wp-content\\\/uploads\\\/2023\\\/08\\\/119-00.png\",\"width\":1000,\"height\":1000},{\"@type\":\"BreadcrumbList\",\"@id\":\"https:\\\/\\\/ducktape.eu\\\/fr\\\/produit\\\/emballer\\\/ruban-demballage-duck-transparent\\\/#breadcrumb\",\"itemListElement\":[{\"@type\":\"ListItem\",\"position\":1,\"name\":\"Home\",\"item\":\"https:\\\/\\\/ducktape.eu\\\/fr\\\/page-daccueil\\\/\"},{\"@type\":\"ListItem\",\"position\":2,\"name\":\"Produits\",\"item\":\"https:\\\/\\\/ducktape.eu\\\/fr\\\/shop\\\/\"},{\"@type\":\"ListItem\",\"position\":3,\"name\":\"emballer\",\"item\":\"https:\\\/\\\/ducktape.eu\\\/fr\\\/cat\u00e9gorie-produits\\\/emballer\\\/\"},{\"@type\":\"ListItem\",\"position\":4,\"name\":\"Ruban d&#8217;emballage Duck\u00ae Transparent\"}]},{\"@type\":\"WebSite\",\"@id\":\"https:\\\/\\\/ducktape.eu\\\/fr\\\/#website\",\"url\":\"https:\\\/\\\/ducktape.eu\\\/fr\\\/\",\"name\":\"Ducktape\u00ae\",\"description\":\"\",\"publisher\":{\"@id\":\"https:\\\/\\\/ducktape.eu\\\/fr\\\/#organization\"},\"potentialAction\":[{\"@type\":\"SearchAction\",\"target\":{\"@type\":\"EntryPoint\",\"urlTemplate\":\"https:\\\/\\\/ducktape.eu\\\/fr\\\/?s={search_term_string}\"},\"query-input\":{\"@type\":\"PropertyValueSpecification\",\"valueRequired\":true,\"valueName\":\"search_term_string\"}}],\"inLanguage\":\"fr-FR\"},{\"@type\":\"Organization\",\"@id\":\"https:\\\/\\\/ducktape.eu\\\/fr\\\/#organization\",\"name\":\"Ducktape\u00ae\",\"url\":\"https:\\\/\\\/ducktape.eu\\\/fr\\\/\",\"logo\":{\"@type\":\"ImageObject\",\"inLanguage\":\"fr-FR\",\"@id\":\"https:\\\/\\\/ducktape.eu\\\/fr\\\/#\\\/schema\\\/logo\\\/image\\\/\",\"url\":\"https:\\\/\\\/ducktape.eu\\\/wp-content\\\/uploads\\\/2023\\\/08\\\/ducktape-logo.svg\",\"contentUrl\":\"https:\\\/\\\/ducktape.eu\\\/wp-content\\\/uploads\\\/2023\\\/08\\\/ducktape-logo.svg\",\"caption\":\"Ducktape\u00ae\"},\"image\":{\"@id\":\"https:\\\/\\\/ducktape.eu\\\/fr\\\/#\\\/schema\\\/logo\\\/image\\\/\"}}]}<\/script>\n<!-- \/ Yoast SEO plugin. -->","yoast_head_json":{"title":"Ruban d'emballage Duck\u00ae Transparent | Ducktape\u00ae","description":"Entdecken Sie das vielseitige Produktsortiment von Duck\u00ae: Klebeb\u00e4nder f\u00fcr Innen, Au\u00dfen, Malerarbeiten, Reparaturen und Befestigungen.","robots":{"index":"index","follow":"follow","max-snippet":"max-snippet:-1","max-image-preview":"max-image-preview:large","max-video-preview":"max-video-preview:-1"},"canonical":"https:\/\/ducktape.eu\/fr\/produit\/emballer\/ruban-demballage-duck-transparent\/","og_locale":"fr_FR","og_type":"article","og_title":"Ruban d'emballage Duck\u00ae Transparent | Ducktape\u00ae","og_description":"Entdecken Sie das vielseitige Produktsortiment von Duck\u00ae: Klebeb\u00e4nder f\u00fcr Innen, Au\u00dfen, Malerarbeiten, Reparaturen und Befestigungen.","og_url":"https:\/\/ducktape.eu\/fr\/produit\/emballer\/ruban-demballage-duck-transparent\/","og_site_name":"Ducktape\u00ae","og_image":[{"width":1000,"height":1000,"url":"https:\/\/ducktape.eu\/wp-content\/uploads\/2023\/08\/119-00.png","type":"image\/png"}],"twitter_card":"summary_large_image","schema":{"@context":"https:\/\/schema.org","@graph":[{"@type":"WebPage","@id":"https:\/\/ducktape.eu\/fr\/produit\/emballer\/ruban-demballage-duck-transparent\/","url":"https:\/\/ducktape.eu\/fr\/produit\/emballer\/ruban-demballage-duck-transparent\/","name":"Ruban d'emballage Duck\u00ae Transparent | Ducktape\u00ae","isPartOf":{"@id":"https:\/\/ducktape.eu\/fr\/#website"},"primaryImageOfPage":{"@id":"https:\/\/ducktape.eu\/fr\/produit\/emballer\/ruban-demballage-duck-transparent\/#primaryimage"},"image":{"@id":"https:\/\/ducktape.eu\/fr\/produit\/emballer\/ruban-demballage-duck-transparent\/#primaryimage"},"thumbnailUrl":"https:\/\/ducktape.eu\/wp-content\/uploads\/2023\/08\/119-00.png","datePublished":"2023-08-29T13:42:15+00:00","description":"Entdecken Sie das vielseitige Produktsortiment von Duck\u00ae: Klebeb\u00e4nder f\u00fcr Innen, Au\u00dfen, Malerarbeiten, Reparaturen und Befestigungen.","breadcrumb":{"@id":"https:\/\/ducktape.eu\/fr\/produit\/emballer\/ruban-demballage-duck-transparent\/#breadcrumb"},"inLanguage":"fr-FR","potentialAction":[{"@type":"ReadAction","target":["https:\/\/ducktape.eu\/fr\/produit\/emballer\/ruban-demballage-duck-transparent\/"]}]},{"@type":"ImageObject","inLanguage":"fr-FR","@id":"https:\/\/ducktape.eu\/fr\/produit\/emballer\/ruban-demballage-duck-transparent\/#primaryimage","url":"https:\/\/ducktape.eu\/wp-content\/uploads\/2023\/08\/119-00.png","contentUrl":"https:\/\/ducktape.eu\/wp-content\/uploads\/2023\/08\/119-00.png","width":1000,"height":1000},{"@type":"BreadcrumbList","@id":"https:\/\/ducktape.eu\/fr\/produit\/emballer\/ruban-demballage-duck-transparent\/#breadcrumb","itemListElement":[{"@type":"ListItem","position":1,"name":"Home","item":"https:\/\/ducktape.eu\/fr\/page-daccueil\/"},{"@type":"ListItem","position":2,"name":"Produits","item":"https:\/\/ducktape.eu\/fr\/shop\/"},{"@type":"ListItem","position":3,"name":"emballer","item":"https:\/\/ducktape.eu\/fr\/cat\u00e9gorie-produits\/emballer\/"},{"@type":"ListItem","position":4,"name":"Ruban d&#8217;emballage Duck\u00ae Transparent"}]},{"@type":"WebSite","@id":"https:\/\/ducktape.eu\/fr\/#website","url":"https:\/\/ducktape.eu\/fr\/","name":"Ducktape\u00ae","description":"","publisher":{"@id":"https:\/\/ducktape.eu\/fr\/#organization"},"potentialAction":[{"@type":"SearchAction","target":{"@type":"EntryPoint","urlTemplate":"https:\/\/ducktape.eu\/fr\/?s={search_term_string}"},"query-input":{"@type":"PropertyValueSpecification","valueRequired":true,"valueName":"search_term_string"}}],"inLanguage":"fr-FR"},{"@type":"Organization","@id":"https:\/\/ducktape.eu\/fr\/#organization","name":"Ducktape\u00ae","url":"https:\/\/ducktape.eu\/fr\/","logo":{"@type":"ImageObject","inLanguage":"fr-FR","@id":"https:\/\/ducktape.eu\/fr\/#\/schema\/logo\/image\/","url":"https:\/\/ducktape.eu\/wp-content\/uploads\/2023\/08\/ducktape-logo.svg","contentUrl":"https:\/\/ducktape.eu\/wp-content\/uploads\/2023\/08\/ducktape-logo.svg","caption":"Ducktape\u00ae"},"image":{"@id":"https:\/\/ducktape.eu\/fr\/#\/schema\/logo\/image\/"}}]}},"_links":{"self":[{"href":"https:\/\/ducktape.eu\/fr\/wp-json\/wp\/v2\/product\/6393","targetHints":{"allow":["GET"]}}],"collection":[{"href":"https:\/\/ducktape.eu\/fr\/wp-json\/wp\/v2\/product"}],"about":[{"href":"https:\/\/ducktape.eu\/fr\/wp-json\/wp\/v2\/types\/product"}],"replies":[{"embeddable":true,"href":"https:\/\/ducktape.eu\/fr\/wp-json\/wp\/v2\/comments?post=6393"}],"wp:featuredmedia":[{"embeddable":true,"href":"https:\/\/ducktape.eu\/fr\/wp-json\/wp\/v2\/media\/501"}],"wp:attachment":[{"href":"https:\/\/ducktape.eu\/fr\/wp-json\/wp\/v2\/media?parent=6393"}],"wp:term":[{"taxonomy":"product_brand","embeddable":true,"href":"https:\/\/ducktape.eu\/fr\/wp-json\/wp\/v2\/product_brand?post=6393"},{"taxonomy":"product_cat","embeddable":true,"href":"https:\/\/ducktape.eu\/fr\/wp-json\/wp\/v2\/product_cat?post=6393"},{"taxonomy":"product_tag","embeddable":true,"href":"https:\/\/ducktape.eu\/fr\/wp-json\/wp\/v2\/product_tag?post=6393"}],"curies":[{"name":"wp","href":"https:\/\/api.w.org\/{rel}","templated":true}]}}