{"id":6372,"date":"2023-08-28T16:13:43","date_gmt":"2023-08-28T14:13:43","guid":{"rendered":"https:\/\/ducktape.eu\/produkt\/non class\u00e9\/duck-film-fix\/"},"modified":"2023-08-28T16:13:43","modified_gmt":"2023-08-28T14:13:43","slug":"duck-film-fix","status":"publish","type":"product","link":"https:\/\/ducktape.eu\/fr\/produit\/masquer-proteger\/duck-film-fix\/","title":{"rendered":"Duck<sup>\u00ae<\/sup> Film Fix"},"content":{"rendered":"<p><strong>Caract\u00e9ristiques  <\/strong><\/p>\n<ul>\n<li>Adh\u00e9sif double face<\/li>\n<li>Repositionnable<\/li>\n<li>Utilisable jusqu&rsquo;\u00e0 3 semaines \u00e0 l&rsquo;int\u00e9rieur et \u00e0 l&rsquo;ext\u00e9rieur<\/li>\n<li>zone non collante \u00e9vitant le contact entre la peinture et la colle<\/li>\n<li>Dimensions : 25 mm x 13,5 m<\/li>\n<\/ul>\n<p>&nbsp;<\/p>\n<p><strong>Domaine d&rsquo;application<\/strong><\/p>\n<ul>\n<li>Pour la fixation lat\u00e9rale de films de protection, par exemple lors de travaux de peinture<\/li>\n<li>Attention aux supports en PVC d\u00e9grad\u00e9s<\/li>\n<\/ul>\n","protected":false},"excerpt":{"rendered":"<p>Le chaos des manipulations et des fixations sauvages du film de protection est d\u00e9sormais r\u00e9volu gr\u00e2ce \u00e0 Folien Fix. Gr\u00e2ce \u00e0 sa fonction adh\u00e9sive double face, il reste utilisable jusqu&rsquo;\u00e0 3 semaines \u00e0 l&rsquo;int\u00e9rieur et \u00e0 l&rsquo;ext\u00e9rieur sans laisser de traces. Le fait qu&rsquo;il soit repositionnable fait des ajustements un jeu d&rsquo;enfant.<\/p>\n<p>Un point fort particulier est la zone sans colle, qui garantit que la peinture et la colle ne se m\u00e9langent pas, mais que tu peux quand m\u00eame coller sur toute la surface. Easy et pr\u00e9vient les dommages dans tous les cas !<\/p>\n<p>Avec ses dimensions de 25 mm x 13,5 m, il convient parfaitement pour fixer lat\u00e9ralement les films de masquage et \u00e9viter qu&rsquo;ils ne glissent pendant les travaux de peinture. Pratique, efficace et exactement ce dont tu as besoin pour des travaux de peinture propres.<\/p>\n<p>Attention : les supports en PVC d\u00e9grad\u00e9s peuvent toujours pr\u00e9senter des risques. Fais donc attention ici aussi lorsque tu utilises le Folien Fix.<\/p>\n","protected":false},"featured_media":651,"comment_status":"open","ping_status":"closed","template":"","meta":[],"product_brand":[],"product_cat":[60],"product_tag":[],"class_list":{"0":"post-6372","1":"product","2":"type-product","3":"status-publish","4":"has-post-thumbnail","6":"product_cat-masquer-proteger","8":"first","9":"instock","10":"shipping-taxable","11":"product-type-simple"},"yoast_head":"<!-- This site is optimized with the Yoast SEO plugin v27.5 - https:\/\/yoast.com\/product\/yoast-seo-wordpress\/ -->\n<title>Duck\u00ae Film Fix | Ducktape\u00ae<\/title>\n<meta name=\"description\" content=\"Entdecken Sie das vielseitige Produktsortiment von Duck\u00ae: Klebeb\u00e4nder f\u00fcr Innen, Au\u00dfen, Malerarbeiten, Reparaturen und Befestigungen.\" \/>\n<meta name=\"robots\" content=\"index, follow, max-snippet:-1, max-image-preview:large, max-video-preview:-1\" \/>\n<link rel=\"canonical\" href=\"https:\/\/ducktape.eu\/fr\/produit\/masquer-proteger\/duck-film-fix\/\" \/>\n<meta property=\"og:locale\" content=\"fr_FR\" \/>\n<meta property=\"og:type\" content=\"article\" \/>\n<meta property=\"og:title\" content=\"Duck\u00ae Film Fix | Ducktape\u00ae\" \/>\n<meta property=\"og:description\" content=\"Entdecken Sie das vielseitige Produktsortiment von Duck\u00ae: Klebeb\u00e4nder f\u00fcr Innen, Au\u00dfen, Malerarbeiten, Reparaturen und Befestigungen.\" \/>\n<meta property=\"og:url\" content=\"https:\/\/ducktape.eu\/fr\/produit\/masquer-proteger\/duck-film-fix\/\" \/>\n<meta property=\"og:site_name\" content=\"Ducktape\u00ae\" \/>\n<meta property=\"og:image\" content=\"https:\/\/ducktape.eu\/wp-content\/uploads\/2023\/08\/113-00.png\" \/>\n\t<meta property=\"og:image:width\" content=\"1000\" \/>\n\t<meta property=\"og:image:height\" content=\"1231\" \/>\n\t<meta property=\"og:image:type\" content=\"image\/png\" \/>\n<meta name=\"twitter:card\" content=\"summary_large_image\" \/>\n<script type=\"application\/ld+json\" class=\"yoast-schema-graph\">{\"@context\":\"https:\\\/\\\/schema.org\",\"@graph\":[{\"@type\":\"WebPage\",\"@id\":\"https:\\\/\\\/ducktape.eu\\\/fr\\\/produit\\\/masquer-proteger\\\/duck-film-fix\\\/\",\"url\":\"https:\\\/\\\/ducktape.eu\\\/fr\\\/produit\\\/masquer-proteger\\\/duck-film-fix\\\/\",\"name\":\"Duck\u00ae Film Fix | Ducktape\u00ae\",\"isPartOf\":{\"@id\":\"https:\\\/\\\/ducktape.eu\\\/fr\\\/#website\"},\"primaryImageOfPage\":{\"@id\":\"https:\\\/\\\/ducktape.eu\\\/fr\\\/produit\\\/masquer-proteger\\\/duck-film-fix\\\/#primaryimage\"},\"image\":{\"@id\":\"https:\\\/\\\/ducktape.eu\\\/fr\\\/produit\\\/masquer-proteger\\\/duck-film-fix\\\/#primaryimage\"},\"thumbnailUrl\":\"https:\\\/\\\/ducktape.eu\\\/wp-content\\\/uploads\\\/2023\\\/08\\\/113-00.png\",\"datePublished\":\"2023-08-28T14:13:43+00:00\",\"description\":\"Entdecken Sie das vielseitige Produktsortiment von Duck\u00ae: Klebeb\u00e4nder f\u00fcr Innen, Au\u00dfen, Malerarbeiten, Reparaturen und Befestigungen.\",\"breadcrumb\":{\"@id\":\"https:\\\/\\\/ducktape.eu\\\/fr\\\/produit\\\/masquer-proteger\\\/duck-film-fix\\\/#breadcrumb\"},\"inLanguage\":\"fr-FR\",\"potentialAction\":[{\"@type\":\"ReadAction\",\"target\":[\"https:\\\/\\\/ducktape.eu\\\/fr\\\/produit\\\/masquer-proteger\\\/duck-film-fix\\\/\"]}]},{\"@type\":\"ImageObject\",\"inLanguage\":\"fr-FR\",\"@id\":\"https:\\\/\\\/ducktape.eu\\\/fr\\\/produit\\\/masquer-proteger\\\/duck-film-fix\\\/#primaryimage\",\"url\":\"https:\\\/\\\/ducktape.eu\\\/wp-content\\\/uploads\\\/2023\\\/08\\\/113-00.png\",\"contentUrl\":\"https:\\\/\\\/ducktape.eu\\\/wp-content\\\/uploads\\\/2023\\\/08\\\/113-00.png\",\"width\":1000,\"height\":1231},{\"@type\":\"BreadcrumbList\",\"@id\":\"https:\\\/\\\/ducktape.eu\\\/fr\\\/produit\\\/masquer-proteger\\\/duck-film-fix\\\/#breadcrumb\",\"itemListElement\":[{\"@type\":\"ListItem\",\"position\":1,\"name\":\"Home\",\"item\":\"https:\\\/\\\/ducktape.eu\\\/fr\\\/page-daccueil\\\/\"},{\"@type\":\"ListItem\",\"position\":2,\"name\":\"Produits\",\"item\":\"https:\\\/\\\/ducktape.eu\\\/fr\\\/shop\\\/\"},{\"@type\":\"ListItem\",\"position\":3,\"name\":\"masquer &amp; prot\u00e9ger\",\"item\":\"https:\\\/\\\/ducktape.eu\\\/fr\\\/cat\u00e9gorie-produits\\\/masquer-proteger\\\/\"},{\"@type\":\"ListItem\",\"position\":4,\"name\":\"Duck\u00ae Film Fix\"}]},{\"@type\":\"WebSite\",\"@id\":\"https:\\\/\\\/ducktape.eu\\\/fr\\\/#website\",\"url\":\"https:\\\/\\\/ducktape.eu\\\/fr\\\/\",\"name\":\"Ducktape\u00ae\",\"description\":\"\",\"publisher\":{\"@id\":\"https:\\\/\\\/ducktape.eu\\\/fr\\\/#organization\"},\"potentialAction\":[{\"@type\":\"SearchAction\",\"target\":{\"@type\":\"EntryPoint\",\"urlTemplate\":\"https:\\\/\\\/ducktape.eu\\\/fr\\\/?s={search_term_string}\"},\"query-input\":{\"@type\":\"PropertyValueSpecification\",\"valueRequired\":true,\"valueName\":\"search_term_string\"}}],\"inLanguage\":\"fr-FR\"},{\"@type\":\"Organization\",\"@id\":\"https:\\\/\\\/ducktape.eu\\\/fr\\\/#organization\",\"name\":\"Ducktape\u00ae\",\"url\":\"https:\\\/\\\/ducktape.eu\\\/fr\\\/\",\"logo\":{\"@type\":\"ImageObject\",\"inLanguage\":\"fr-FR\",\"@id\":\"https:\\\/\\\/ducktape.eu\\\/fr\\\/#\\\/schema\\\/logo\\\/image\\\/\",\"url\":\"https:\\\/\\\/ducktape.eu\\\/wp-content\\\/uploads\\\/2023\\\/08\\\/ducktape-logo.svg\",\"contentUrl\":\"https:\\\/\\\/ducktape.eu\\\/wp-content\\\/uploads\\\/2023\\\/08\\\/ducktape-logo.svg\",\"caption\":\"Ducktape\u00ae\"},\"image\":{\"@id\":\"https:\\\/\\\/ducktape.eu\\\/fr\\\/#\\\/schema\\\/logo\\\/image\\\/\"}}]}<\/script>\n<!-- \/ Yoast SEO plugin. -->","yoast_head_json":{"title":"Duck\u00ae Film Fix | Ducktape\u00ae","description":"Entdecken Sie das vielseitige Produktsortiment von Duck\u00ae: Klebeb\u00e4nder f\u00fcr Innen, Au\u00dfen, Malerarbeiten, Reparaturen und Befestigungen.","robots":{"index":"index","follow":"follow","max-snippet":"max-snippet:-1","max-image-preview":"max-image-preview:large","max-video-preview":"max-video-preview:-1"},"canonical":"https:\/\/ducktape.eu\/fr\/produit\/masquer-proteger\/duck-film-fix\/","og_locale":"fr_FR","og_type":"article","og_title":"Duck\u00ae Film Fix | Ducktape\u00ae","og_description":"Entdecken Sie das vielseitige Produktsortiment von Duck\u00ae: Klebeb\u00e4nder f\u00fcr Innen, Au\u00dfen, Malerarbeiten, Reparaturen und Befestigungen.","og_url":"https:\/\/ducktape.eu\/fr\/produit\/masquer-proteger\/duck-film-fix\/","og_site_name":"Ducktape\u00ae","og_image":[{"width":1000,"height":1231,"url":"https:\/\/ducktape.eu\/wp-content\/uploads\/2023\/08\/113-00.png","type":"image\/png"}],"twitter_card":"summary_large_image","schema":{"@context":"https:\/\/schema.org","@graph":[{"@type":"WebPage","@id":"https:\/\/ducktape.eu\/fr\/produit\/masquer-proteger\/duck-film-fix\/","url":"https:\/\/ducktape.eu\/fr\/produit\/masquer-proteger\/duck-film-fix\/","name":"Duck\u00ae Film Fix | Ducktape\u00ae","isPartOf":{"@id":"https:\/\/ducktape.eu\/fr\/#website"},"primaryImageOfPage":{"@id":"https:\/\/ducktape.eu\/fr\/produit\/masquer-proteger\/duck-film-fix\/#primaryimage"},"image":{"@id":"https:\/\/ducktape.eu\/fr\/produit\/masquer-proteger\/duck-film-fix\/#primaryimage"},"thumbnailUrl":"https:\/\/ducktape.eu\/wp-content\/uploads\/2023\/08\/113-00.png","datePublished":"2023-08-28T14:13:43+00:00","description":"Entdecken Sie das vielseitige Produktsortiment von Duck\u00ae: Klebeb\u00e4nder f\u00fcr Innen, Au\u00dfen, Malerarbeiten, Reparaturen und Befestigungen.","breadcrumb":{"@id":"https:\/\/ducktape.eu\/fr\/produit\/masquer-proteger\/duck-film-fix\/#breadcrumb"},"inLanguage":"fr-FR","potentialAction":[{"@type":"ReadAction","target":["https:\/\/ducktape.eu\/fr\/produit\/masquer-proteger\/duck-film-fix\/"]}]},{"@type":"ImageObject","inLanguage":"fr-FR","@id":"https:\/\/ducktape.eu\/fr\/produit\/masquer-proteger\/duck-film-fix\/#primaryimage","url":"https:\/\/ducktape.eu\/wp-content\/uploads\/2023\/08\/113-00.png","contentUrl":"https:\/\/ducktape.eu\/wp-content\/uploads\/2023\/08\/113-00.png","width":1000,"height":1231},{"@type":"BreadcrumbList","@id":"https:\/\/ducktape.eu\/fr\/produit\/masquer-proteger\/duck-film-fix\/#breadcrumb","itemListElement":[{"@type":"ListItem","position":1,"name":"Home","item":"https:\/\/ducktape.eu\/fr\/page-daccueil\/"},{"@type":"ListItem","position":2,"name":"Produits","item":"https:\/\/ducktape.eu\/fr\/shop\/"},{"@type":"ListItem","position":3,"name":"masquer &amp; prot\u00e9ger","item":"https:\/\/ducktape.eu\/fr\/cat\u00e9gorie-produits\/masquer-proteger\/"},{"@type":"ListItem","position":4,"name":"Duck\u00ae Film Fix"}]},{"@type":"WebSite","@id":"https:\/\/ducktape.eu\/fr\/#website","url":"https:\/\/ducktape.eu\/fr\/","name":"Ducktape\u00ae","description":"","publisher":{"@id":"https:\/\/ducktape.eu\/fr\/#organization"},"potentialAction":[{"@type":"SearchAction","target":{"@type":"EntryPoint","urlTemplate":"https:\/\/ducktape.eu\/fr\/?s={search_term_string}"},"query-input":{"@type":"PropertyValueSpecification","valueRequired":true,"valueName":"search_term_string"}}],"inLanguage":"fr-FR"},{"@type":"Organization","@id":"https:\/\/ducktape.eu\/fr\/#organization","name":"Ducktape\u00ae","url":"https:\/\/ducktape.eu\/fr\/","logo":{"@type":"ImageObject","inLanguage":"fr-FR","@id":"https:\/\/ducktape.eu\/fr\/#\/schema\/logo\/image\/","url":"https:\/\/ducktape.eu\/wp-content\/uploads\/2023\/08\/ducktape-logo.svg","contentUrl":"https:\/\/ducktape.eu\/wp-content\/uploads\/2023\/08\/ducktape-logo.svg","caption":"Ducktape\u00ae"},"image":{"@id":"https:\/\/ducktape.eu\/fr\/#\/schema\/logo\/image\/"}}]}},"_links":{"self":[{"href":"https:\/\/ducktape.eu\/fr\/wp-json\/wp\/v2\/product\/6372","targetHints":{"allow":["GET"]}}],"collection":[{"href":"https:\/\/ducktape.eu\/fr\/wp-json\/wp\/v2\/product"}],"about":[{"href":"https:\/\/ducktape.eu\/fr\/wp-json\/wp\/v2\/types\/product"}],"replies":[{"embeddable":true,"href":"https:\/\/ducktape.eu\/fr\/wp-json\/wp\/v2\/comments?post=6372"}],"wp:featuredmedia":[{"embeddable":true,"href":"https:\/\/ducktape.eu\/fr\/wp-json\/wp\/v2\/media\/651"}],"wp:attachment":[{"href":"https:\/\/ducktape.eu\/fr\/wp-json\/wp\/v2\/media?parent=6372"}],"wp:term":[{"taxonomy":"product_brand","embeddable":true,"href":"https:\/\/ducktape.eu\/fr\/wp-json\/wp\/v2\/product_brand?post=6372"},{"taxonomy":"product_cat","embeddable":true,"href":"https:\/\/ducktape.eu\/fr\/wp-json\/wp\/v2\/product_cat?post=6372"},{"taxonomy":"product_tag","embeddable":true,"href":"https:\/\/ducktape.eu\/fr\/wp-json\/wp\/v2\/product_tag?post=6372"}],"curies":[{"name":"wp","href":"https:\/\/api.w.org\/{rel}","templated":true}]}}