{"id":6231,"date":"2023-08-28T16:16:58","date_gmt":"2023-08-28T14:16:58","guid":{"rendered":"https:\/\/ducktape.eu\/produkt\/non class\u00e9\/crepe-fin-duck-avec-papier-de-protection\/"},"modified":"2023-08-28T16:16:58","modified_gmt":"2023-08-28T14:16:58","slug":"crepe-fin-duck-avec-papier-de-protection","status":"publish","type":"product","link":"https:\/\/ducktape.eu\/fr\/produit\/masquer-proteger\/crepe-fin-duck-avec-papier-de-protection\/","title":{"rendered":"Cr\u00eape fin Duck<sup>\u00ae<\/sup> avec papier de protection"},"content":{"rendered":"<p><strong>Caract\u00e9ristiques<\/strong><\/p>\n<ul>\n<li>Masquer et recouvrir en un seul produit<\/li>\n<li>Combinaison de ruban adh\u00e9sif en cr\u00eape fin et de papier \u00e9cologique pour une couverture simultan\u00e9e<\/li>\n<li>Papier fort r\u00e9sistant \u00e0 la d\u00e9chirure<\/li>\n<li>Longueur adaptable en d\u00e9pliant le papier<\/li>\n<li>Certifi\u00e9 FSC<\/li>\n<li>\u00c9paisseur du papier : 35g<\/li>\n<\/ul>\n<p>&nbsp;<\/p>\n<p><strong>Domaine d&rsquo;application  <\/strong><\/p>\n<ul>\n<li>Couvrir de mani\u00e8re \u00e9cologique les rebords de fen\u00eatre, les plinthes, les plinthes, les radiateurs et autres surfaces ou supports<\/li>\n<\/ul>\n","protected":false},"excerpt":{"rendered":"<p>Le Masker en cr\u00eape fin est ton astuce de vie absolue pour travailler rapidement, en toute s\u00e9curit\u00e9 et en m\u00eame temps de mani\u00e8re durable. Notre miracle 2 en 1 de masquage et de collage ! Tout simplement g\u00e9nial &#8211; tu fais les deux en une seule fois.<\/p>\n<p>Comment faire ? C&rsquo;est facile ! Nous combinons notre ruban adh\u00e9sif en cr\u00eape fin avec du papier \u00e9cologique pour que tu puisses tout masquer et couvrir en m\u00eame temps. Le papier est super solide et ind\u00e9chirable, tu n&rsquo;as donc pas \u00e0 te soucier de la s\u00e9curit\u00e9.<\/p>\n<p>L&rsquo;add on cool : Tu peux simplement d\u00e9plier le papier et le d\u00e9plier \u00e0 la longueur souhait\u00e9e. La flexibilit\u00e9 est essentielle !<\/p>\n<p>Ainsi, peindre devient un jeu d&rsquo;enfant &#8211; rebords de fen\u00eatre, plinthes, plinthes, radiateurs, et tout ce qui passe sous ton pinceau. Et le meilleur ? Le tout est \u00e9galement respectueux de l&rsquo;environnement. Alors, qu&rsquo;est-ce que tu attends ? Au travail !<\/p>\n","protected":false},"featured_media":641,"comment_status":"open","ping_status":"closed","template":"","meta":[],"product_brand":[],"product_cat":[60],"product_tag":[],"class_list":{"0":"post-6231","1":"product","2":"type-product","3":"status-publish","4":"has-post-thumbnail","6":"product_cat-masquer-proteger","8":"first","9":"outofstock","10":"shipping-taxable","11":"product-type-simple"},"yoast_head":"<!-- This site is optimized with the Yoast SEO plugin v27.4 - https:\/\/yoast.com\/product\/yoast-seo-wordpress\/ -->\n<title>Cr\u00eape fin Duck\u00ae avec papier de protection | Ducktape\u00ae<\/title>\n<meta name=\"description\" content=\"Entdecken Sie das vielseitige Produktsortiment von Duck\u00ae: Klebeb\u00e4nder f\u00fcr Innen, Au\u00dfen, Malerarbeiten, Reparaturen und Befestigungen.\" \/>\n<meta name=\"robots\" content=\"index, follow, max-snippet:-1, max-image-preview:large, max-video-preview:-1\" \/>\n<link rel=\"canonical\" href=\"https:\/\/ducktape.eu\/fr\/produit\/masquer-proteger\/crepe-fin-duck-avec-papier-de-protection\/\" \/>\n<meta property=\"og:locale\" content=\"fr_FR\" \/>\n<meta property=\"og:type\" content=\"article\" \/>\n<meta property=\"og:title\" content=\"Cr\u00eape fin Duck\u00ae avec papier de protection | Ducktape\u00ae\" \/>\n<meta property=\"og:description\" content=\"Entdecken Sie das vielseitige Produktsortiment von Duck\u00ae: Klebeb\u00e4nder f\u00fcr Innen, Au\u00dfen, Malerarbeiten, Reparaturen und Befestigungen.\" \/>\n<meta property=\"og:url\" content=\"https:\/\/ducktape.eu\/fr\/produit\/masquer-proteger\/crepe-fin-duck-avec-papier-de-protection\/\" \/>\n<meta property=\"og:site_name\" content=\"Ducktape\u00ae\" \/>\n<meta property=\"og:image\" content=\"https:\/\/ducktape.eu\/wp-content\/uploads\/2023\/08\/111-00.png\" \/>\n\t<meta property=\"og:image:width\" content=\"1000\" \/>\n\t<meta property=\"og:image:height\" content=\"1537\" \/>\n\t<meta property=\"og:image:type\" content=\"image\/png\" \/>\n<meta name=\"twitter:card\" content=\"summary_large_image\" \/>\n<script type=\"application\/ld+json\" class=\"yoast-schema-graph\">{\"@context\":\"https:\\\/\\\/schema.org\",\"@graph\":[{\"@type\":\"WebPage\",\"@id\":\"https:\\\/\\\/ducktape.eu\\\/fr\\\/produit\\\/masquer-proteger\\\/crepe-fin-duck-avec-papier-de-protection\\\/\",\"url\":\"https:\\\/\\\/ducktape.eu\\\/fr\\\/produit\\\/masquer-proteger\\\/crepe-fin-duck-avec-papier-de-protection\\\/\",\"name\":\"Cr\u00eape fin Duck\u00ae avec papier de protection | Ducktape\u00ae\",\"isPartOf\":{\"@id\":\"https:\\\/\\\/ducktape.eu\\\/fr\\\/#website\"},\"primaryImageOfPage\":{\"@id\":\"https:\\\/\\\/ducktape.eu\\\/fr\\\/produit\\\/masquer-proteger\\\/crepe-fin-duck-avec-papier-de-protection\\\/#primaryimage\"},\"image\":{\"@id\":\"https:\\\/\\\/ducktape.eu\\\/fr\\\/produit\\\/masquer-proteger\\\/crepe-fin-duck-avec-papier-de-protection\\\/#primaryimage\"},\"thumbnailUrl\":\"https:\\\/\\\/ducktape.eu\\\/wp-content\\\/uploads\\\/2023\\\/08\\\/111-00.png\",\"datePublished\":\"2023-08-28T14:16:58+00:00\",\"description\":\"Entdecken Sie das vielseitige Produktsortiment von Duck\u00ae: Klebeb\u00e4nder f\u00fcr Innen, Au\u00dfen, Malerarbeiten, Reparaturen und Befestigungen.\",\"breadcrumb\":{\"@id\":\"https:\\\/\\\/ducktape.eu\\\/fr\\\/produit\\\/masquer-proteger\\\/crepe-fin-duck-avec-papier-de-protection\\\/#breadcrumb\"},\"inLanguage\":\"fr-FR\",\"potentialAction\":[{\"@type\":\"ReadAction\",\"target\":[\"https:\\\/\\\/ducktape.eu\\\/fr\\\/produit\\\/masquer-proteger\\\/crepe-fin-duck-avec-papier-de-protection\\\/\"]}]},{\"@type\":\"ImageObject\",\"inLanguage\":\"fr-FR\",\"@id\":\"https:\\\/\\\/ducktape.eu\\\/fr\\\/produit\\\/masquer-proteger\\\/crepe-fin-duck-avec-papier-de-protection\\\/#primaryimage\",\"url\":\"https:\\\/\\\/ducktape.eu\\\/wp-content\\\/uploads\\\/2023\\\/08\\\/111-00.png\",\"contentUrl\":\"https:\\\/\\\/ducktape.eu\\\/wp-content\\\/uploads\\\/2023\\\/08\\\/111-00.png\",\"width\":1000,\"height\":1537},{\"@type\":\"BreadcrumbList\",\"@id\":\"https:\\\/\\\/ducktape.eu\\\/fr\\\/produit\\\/masquer-proteger\\\/crepe-fin-duck-avec-papier-de-protection\\\/#breadcrumb\",\"itemListElement\":[{\"@type\":\"ListItem\",\"position\":1,\"name\":\"Home\",\"item\":\"https:\\\/\\\/ducktape.eu\\\/fr\\\/page-daccueil\\\/\"},{\"@type\":\"ListItem\",\"position\":2,\"name\":\"Produits\",\"item\":\"https:\\\/\\\/ducktape.eu\\\/fr\\\/shop\\\/\"},{\"@type\":\"ListItem\",\"position\":3,\"name\":\"masquer &amp; prot\u00e9ger\",\"item\":\"https:\\\/\\\/ducktape.eu\\\/fr\\\/cat\u00e9gorie-produits\\\/masquer-proteger\\\/\"},{\"@type\":\"ListItem\",\"position\":4,\"name\":\"Cr\u00eape fin Duck\u00ae avec papier de protection\"}]},{\"@type\":\"WebSite\",\"@id\":\"https:\\\/\\\/ducktape.eu\\\/fr\\\/#website\",\"url\":\"https:\\\/\\\/ducktape.eu\\\/fr\\\/\",\"name\":\"Ducktape\u00ae\",\"description\":\"\",\"publisher\":{\"@id\":\"https:\\\/\\\/ducktape.eu\\\/fr\\\/#organization\"},\"potentialAction\":[{\"@type\":\"SearchAction\",\"target\":{\"@type\":\"EntryPoint\",\"urlTemplate\":\"https:\\\/\\\/ducktape.eu\\\/fr\\\/?s={search_term_string}\"},\"query-input\":{\"@type\":\"PropertyValueSpecification\",\"valueRequired\":true,\"valueName\":\"search_term_string\"}}],\"inLanguage\":\"fr-FR\"},{\"@type\":\"Organization\",\"@id\":\"https:\\\/\\\/ducktape.eu\\\/fr\\\/#organization\",\"name\":\"Ducktape\u00ae\",\"url\":\"https:\\\/\\\/ducktape.eu\\\/fr\\\/\",\"logo\":{\"@type\":\"ImageObject\",\"inLanguage\":\"fr-FR\",\"@id\":\"https:\\\/\\\/ducktape.eu\\\/fr\\\/#\\\/schema\\\/logo\\\/image\\\/\",\"url\":\"https:\\\/\\\/ducktape.eu\\\/wp-content\\\/uploads\\\/2023\\\/08\\\/ducktape-logo.svg\",\"contentUrl\":\"https:\\\/\\\/ducktape.eu\\\/wp-content\\\/uploads\\\/2023\\\/08\\\/ducktape-logo.svg\",\"caption\":\"Ducktape\u00ae\"},\"image\":{\"@id\":\"https:\\\/\\\/ducktape.eu\\\/fr\\\/#\\\/schema\\\/logo\\\/image\\\/\"}}]}<\/script>\n<!-- \/ Yoast SEO plugin. -->","yoast_head_json":{"title":"Cr\u00eape fin Duck\u00ae avec papier de protection | Ducktape\u00ae","description":"Entdecken Sie das vielseitige Produktsortiment von Duck\u00ae: Klebeb\u00e4nder f\u00fcr Innen, Au\u00dfen, Malerarbeiten, Reparaturen und Befestigungen.","robots":{"index":"index","follow":"follow","max-snippet":"max-snippet:-1","max-image-preview":"max-image-preview:large","max-video-preview":"max-video-preview:-1"},"canonical":"https:\/\/ducktape.eu\/fr\/produit\/masquer-proteger\/crepe-fin-duck-avec-papier-de-protection\/","og_locale":"fr_FR","og_type":"article","og_title":"Cr\u00eape fin Duck\u00ae avec papier de protection | Ducktape\u00ae","og_description":"Entdecken Sie das vielseitige Produktsortiment von Duck\u00ae: Klebeb\u00e4nder f\u00fcr Innen, Au\u00dfen, Malerarbeiten, Reparaturen und Befestigungen.","og_url":"https:\/\/ducktape.eu\/fr\/produit\/masquer-proteger\/crepe-fin-duck-avec-papier-de-protection\/","og_site_name":"Ducktape\u00ae","og_image":[{"width":1000,"height":1537,"url":"https:\/\/ducktape.eu\/wp-content\/uploads\/2023\/08\/111-00.png","type":"image\/png"}],"twitter_card":"summary_large_image","schema":{"@context":"https:\/\/schema.org","@graph":[{"@type":"WebPage","@id":"https:\/\/ducktape.eu\/fr\/produit\/masquer-proteger\/crepe-fin-duck-avec-papier-de-protection\/","url":"https:\/\/ducktape.eu\/fr\/produit\/masquer-proteger\/crepe-fin-duck-avec-papier-de-protection\/","name":"Cr\u00eape fin Duck\u00ae avec papier de protection | Ducktape\u00ae","isPartOf":{"@id":"https:\/\/ducktape.eu\/fr\/#website"},"primaryImageOfPage":{"@id":"https:\/\/ducktape.eu\/fr\/produit\/masquer-proteger\/crepe-fin-duck-avec-papier-de-protection\/#primaryimage"},"image":{"@id":"https:\/\/ducktape.eu\/fr\/produit\/masquer-proteger\/crepe-fin-duck-avec-papier-de-protection\/#primaryimage"},"thumbnailUrl":"https:\/\/ducktape.eu\/wp-content\/uploads\/2023\/08\/111-00.png","datePublished":"2023-08-28T14:16:58+00:00","description":"Entdecken Sie das vielseitige Produktsortiment von Duck\u00ae: Klebeb\u00e4nder f\u00fcr Innen, Au\u00dfen, Malerarbeiten, Reparaturen und Befestigungen.","breadcrumb":{"@id":"https:\/\/ducktape.eu\/fr\/produit\/masquer-proteger\/crepe-fin-duck-avec-papier-de-protection\/#breadcrumb"},"inLanguage":"fr-FR","potentialAction":[{"@type":"ReadAction","target":["https:\/\/ducktape.eu\/fr\/produit\/masquer-proteger\/crepe-fin-duck-avec-papier-de-protection\/"]}]},{"@type":"ImageObject","inLanguage":"fr-FR","@id":"https:\/\/ducktape.eu\/fr\/produit\/masquer-proteger\/crepe-fin-duck-avec-papier-de-protection\/#primaryimage","url":"https:\/\/ducktape.eu\/wp-content\/uploads\/2023\/08\/111-00.png","contentUrl":"https:\/\/ducktape.eu\/wp-content\/uploads\/2023\/08\/111-00.png","width":1000,"height":1537},{"@type":"BreadcrumbList","@id":"https:\/\/ducktape.eu\/fr\/produit\/masquer-proteger\/crepe-fin-duck-avec-papier-de-protection\/#breadcrumb","itemListElement":[{"@type":"ListItem","position":1,"name":"Home","item":"https:\/\/ducktape.eu\/fr\/page-daccueil\/"},{"@type":"ListItem","position":2,"name":"Produits","item":"https:\/\/ducktape.eu\/fr\/shop\/"},{"@type":"ListItem","position":3,"name":"masquer &amp; prot\u00e9ger","item":"https:\/\/ducktape.eu\/fr\/cat\u00e9gorie-produits\/masquer-proteger\/"},{"@type":"ListItem","position":4,"name":"Cr\u00eape fin Duck\u00ae avec papier de protection"}]},{"@type":"WebSite","@id":"https:\/\/ducktape.eu\/fr\/#website","url":"https:\/\/ducktape.eu\/fr\/","name":"Ducktape\u00ae","description":"","publisher":{"@id":"https:\/\/ducktape.eu\/fr\/#organization"},"potentialAction":[{"@type":"SearchAction","target":{"@type":"EntryPoint","urlTemplate":"https:\/\/ducktape.eu\/fr\/?s={search_term_string}"},"query-input":{"@type":"PropertyValueSpecification","valueRequired":true,"valueName":"search_term_string"}}],"inLanguage":"fr-FR"},{"@type":"Organization","@id":"https:\/\/ducktape.eu\/fr\/#organization","name":"Ducktape\u00ae","url":"https:\/\/ducktape.eu\/fr\/","logo":{"@type":"ImageObject","inLanguage":"fr-FR","@id":"https:\/\/ducktape.eu\/fr\/#\/schema\/logo\/image\/","url":"https:\/\/ducktape.eu\/wp-content\/uploads\/2023\/08\/ducktape-logo.svg","contentUrl":"https:\/\/ducktape.eu\/wp-content\/uploads\/2023\/08\/ducktape-logo.svg","caption":"Ducktape\u00ae"},"image":{"@id":"https:\/\/ducktape.eu\/fr\/#\/schema\/logo\/image\/"}}]}},"_links":{"self":[{"href":"https:\/\/ducktape.eu\/fr\/wp-json\/wp\/v2\/product\/6231","targetHints":{"allow":["GET"]}}],"collection":[{"href":"https:\/\/ducktape.eu\/fr\/wp-json\/wp\/v2\/product"}],"about":[{"href":"https:\/\/ducktape.eu\/fr\/wp-json\/wp\/v2\/types\/product"}],"replies":[{"embeddable":true,"href":"https:\/\/ducktape.eu\/fr\/wp-json\/wp\/v2\/comments?post=6231"}],"wp:featuredmedia":[{"embeddable":true,"href":"https:\/\/ducktape.eu\/fr\/wp-json\/wp\/v2\/media\/641"}],"wp:attachment":[{"href":"https:\/\/ducktape.eu\/fr\/wp-json\/wp\/v2\/media?parent=6231"}],"wp:term":[{"taxonomy":"product_brand","embeddable":true,"href":"https:\/\/ducktape.eu\/fr\/wp-json\/wp\/v2\/product_brand?post=6231"},{"taxonomy":"product_cat","embeddable":true,"href":"https:\/\/ducktape.eu\/fr\/wp-json\/wp\/v2\/product_cat?post=6231"},{"taxonomy":"product_tag","embeddable":true,"href":"https:\/\/ducktape.eu\/fr\/wp-json\/wp\/v2\/product_tag?post=6231"}],"curies":[{"name":"wp","href":"https:\/\/api.w.org\/{rel}","templated":true}]}}