{"id":5863,"date":"2024-10-16T12:25:01","date_gmt":"2024-10-16T10:25:01","guid":{"rendered":"https:\/\/ducktape.eu\/durabilite\/"},"modified":"2024-11-04T12:01:16","modified_gmt":"2024-11-04T11:01:16","slug":"durabilite","status":"publish","type":"page","link":"https:\/\/ducktape.eu\/fr\/durabilite\/","title":{"rendered":"Durabilit\u00e9"},"content":{"rendered":"\t\t<div data-elementor-type=\"wp-page\" data-elementor-id=\"5863\" class=\"elementor elementor-5863 elementor-5848\" data-elementor-post-type=\"page\">\n\t\t\t\t<div class=\"elementor-element elementor-element-f942f9f pad-m e-flex e-con-boxed e-con e-parent\" data-id=\"f942f9f\" data-element_type=\"container\" data-e-type=\"container\" data-settings=\"{&quot;jet_parallax_layout_list&quot;:[]}\">\n\t\t\t\t\t<div class=\"e-con-inner\">\n\t\t\t\t<div class=\"elementor-element elementor-element-bd59d90 elementor-widget elementor-widget-heading\" data-id=\"bd59d90\" data-element_type=\"widget\" data-e-type=\"widget\" data-widget_type=\"heading.default\">\n\t\t\t\t<div class=\"elementor-widget-container\">\n\t\t\t\t\t<h1 class=\"elementor-heading-title elementor-size-default\"><h1 data-elementor-setting-key=\"title\" data-pen-placeholder=\"Eingabe hier...\" style=\"font-family: var( --e-global-typography-primary-font-family ), Sans-serif\">Durabilit\u00e9<span style=\"color: var( --e-global-color-primary );font-family: var( --e-global-typography-primary-font-family ), Sans-serif;font-size: 2rem;text-align: var(--text-align)\"><\/span><\/h1><\/h1>\t\t\t\t<\/div>\n\t\t\t\t<\/div>\n\t\t\t\t\t<\/div>\n\t\t\t\t<\/div>\n\t\t<div class=\"elementor-element elementor-element-b65b54a pad-m e-flex e-con-boxed e-con e-parent\" data-id=\"b65b54a\" data-element_type=\"container\" data-e-type=\"container\" data-settings=\"{&quot;jet_parallax_layout_list&quot;:[]}\">\n\t\t\t\t\t<div class=\"e-con-inner\">\n\t\t\t\t<div class=\"elementor-element elementor-element-4730d46 elementor-widget elementor-widget-text-editor\" data-id=\"4730d46\" data-element_type=\"widget\" data-e-type=\"widget\" data-widget_type=\"text-editor.default\">\n\t\t\t\t<div class=\"elementor-widget-container\">\n\t\t\t\t\t\t\t\t\t<p>Nous travaillons continuellement \u00e0 l&rsquo;am\u00e9lioration de notre organisation afin d&rsquo;\u00eatre une entreprise responsable au b\u00e9n\u00e9fice de nos employ\u00e9s, clients et partenaires commerciaux. Cette philosophie garantit \u00e9galement que nous prenons en compte l&rsquo;impact social, environnemental et \u00e9conomique de nos activit\u00e9s dans tous nos processus de d\u00e9cision. Nous nous engageons \u00e0 fournir des produits de la plus haute qualit\u00e9, con\u00e7us et fabriqu\u00e9s d&rsquo;une mani\u00e8re qui refl\u00e8te notre engagement en tant qu&rsquo;entreprise responsable sur le plan environnemental et social.  <\/p>\n\t\t\t\t\t\t\t\t<\/div>\n\t\t\t\t<\/div>\n\t\t\t\t\t<\/div>\n\t\t\t\t<\/div>\n\t\t<div class=\"elementor-element elementor-element-14fd2b5 pad-m e-flex e-con-boxed e-con e-parent\" data-id=\"14fd2b5\" data-element_type=\"container\" data-e-type=\"container\" data-settings=\"{&quot;jet_parallax_layout_list&quot;:[]}\">\n\t\t\t\t\t<div class=\"e-con-inner\">\n\t\t\t\t<div class=\"elementor-element elementor-element-1dedaca elementor-widget elementor-widget-heading\" data-id=\"1dedaca\" data-element_type=\"widget\" data-e-type=\"widget\" data-widget_type=\"heading.default\">\n\t\t\t\t<div class=\"elementor-widget-container\">\n\t\t\t\t\t<h2 class=\"elementor-heading-title elementor-size-default\">PROTECTION DE L'ENVIRONNEMENT<\/h2>\t\t\t\t<\/div>\n\t\t\t\t<\/div>\n\t\t\t\t<div class=\"elementor-element elementor-element-1ee703b elementor-widget elementor-widget-text-editor\" data-id=\"1ee703b\" data-element_type=\"widget\" data-e-type=\"widget\" data-widget_type=\"text-editor.default\">\n\t\t\t\t<div class=\"elementor-widget-container\">\n\t\t\t\t\t\t\t\t\t<p>Nous respectons les exigences strictes de la l\u00e9gislation applicable en mati\u00e8re de produits chimiques afin de prot\u00e9ger les employ\u00e9s, les consommateurs et l&rsquo;environnement. TOUS nos produits sont conformes \u00e0 REACH. Nous \u00e9vitons et minimisons les d\u00e9chets en r\u00e9alisant des \u00e9valuations annuelles des \u00e9conomies d&rsquo;\u00e9nergie qui surveillent la consommation d&rsquo;eau, de gaz naturel et d&rsquo;\u00e9lectricit\u00e9, ainsi que les COV et les \u00e9missions de gaz \u00e0 effet de serre.  <\/p>\n<p>Nous nous engageons \u00e0 nous approvisionner en fibres\/papier de mani\u00e8re responsable et \u00e0 g\u00e9rer durablement les for\u00eats d&rsquo;o\u00f9 proviennent ces mat\u00e9riaux. Suite \u00e0 cet engagement, nos produits ont obtenu la certification FSC<sup>\u00ae<\/sup> FSC C154304 en 2020 et la certification PEFC en 2021. <\/p>\n\t\t\t\t\t\t\t\t<\/div>\n\t\t\t\t<\/div>\n\t\t\t\t\t<\/div>\n\t\t\t\t<\/div>\n\t\t<div class=\"elementor-element elementor-element-40b6795 pad-m e-flex e-con-boxed e-con e-parent\" data-id=\"40b6795\" data-element_type=\"container\" data-e-type=\"container\" data-settings=\"{&quot;jet_parallax_layout_list&quot;:[]}\">\n\t\t\t\t\t<div class=\"e-con-inner\">\n\t\t\t\t<div class=\"elementor-element elementor-element-3bde02c elementor-widget elementor-widget-heading\" data-id=\"3bde02c\" data-element_type=\"widget\" data-e-type=\"widget\" data-widget_type=\"heading.default\">\n\t\t\t\t<div class=\"elementor-widget-container\">\n\t\t\t\t\t<h2 class=\"elementor-heading-title elementor-size-default\">\u00c9CONOMIE CIRCULAIRE<\/h2>\t\t\t\t<\/div>\n\t\t\t\t<\/div>\n\t\t\t\t<div class=\"elementor-element elementor-element-d5525f5 elementor-widget elementor-widget-text-editor\" data-id=\"d5525f5\" data-element_type=\"widget\" data-e-type=\"widget\" data-widget_type=\"text-editor.default\">\n\t\t\t\t<div class=\"elementor-widget-container\">\n\t\t\t\t\t\t\t\t\t<p>Outre nos produits, nous adoptons \u00e9galement un concept d&#8217;emballage durable afin d&rsquo;utiliser le moins d&#8217;emballage possible et autant d&#8217;emballage que n\u00e9cessaire. En collaboration avec nos prestataires de services, nous d\u00e9veloppons des solutions pour rendre les d\u00e9chets \u00e0 nouveau productifs gr\u00e2ce au recyclage, ce qui permet de pr\u00e9server l&rsquo;environnement et les pr\u00e9cieuses ressources. L&rsquo;\u00e9tude annuelle \u00ab\u00a0resources SAVED by recycling\u00a0\u00bb de l&rsquo;institut Fraunhofer UMSICHT d\u00e9montre le b\u00e9n\u00e9fice pour le climat et l&rsquo;environnement. Elle montre chaque ann\u00e9e, au kilo pr\u00e8s, comment un recyclage coh\u00e9rent des mati\u00e8res premi\u00e8res contribue \u00e0 la protection du climat et des ressources.   <\/p>\n\t\t\t\t\t\t\t\t<\/div>\n\t\t\t\t<\/div>\n\t\t\t\t\t<\/div>\n\t\t\t\t<\/div>\n\t\t<div class=\"elementor-element elementor-element-9a0d737 pad-m e-flex e-con-boxed e-con e-parent\" data-id=\"9a0d737\" data-element_type=\"container\" data-e-type=\"container\" data-settings=\"{&quot;jet_parallax_layout_list&quot;:[]}\">\n\t\t\t\t\t<div class=\"e-con-inner\">\n\t\t\t\t<div class=\"elementor-element elementor-element-4ffaf53 elementor-widget elementor-widget-heading\" data-id=\"4ffaf53\" data-element_type=\"widget\" data-e-type=\"widget\" data-widget_type=\"heading.default\">\n\t\t\t\t<div class=\"elementor-widget-container\">\n\t\t\t\t\t<h2 class=\"elementor-heading-title elementor-size-default\">ENGAGEMENT ET \u00c9DUCATION<\/h2>\t\t\t\t<\/div>\n\t\t\t\t<\/div>\n\t\t\t\t<div class=\"elementor-element elementor-element-7437034 elementor-widget elementor-widget-text-editor\" data-id=\"7437034\" data-element_type=\"widget\" data-e-type=\"widget\" data-widget_type=\"text-editor.default\">\n\t\t\t\t<div class=\"elementor-widget-container\">\n\t\t\t\t\t\t\t\t\t<p>Il est important pour nous d&rsquo;avoir des relations \u00e9quitables, dignes et respectueuses avec tous nos clients, fournisseurs et employ\u00e9s. L&rsquo;\u00e9thique et la durabilit\u00e9 de la cha\u00eene d&rsquo;approvisionnement sont des questions importantes dans nos activit\u00e9s quotidiennes. Nous nous engageons \u00e0 appliquer une tol\u00e9rance z\u00e9ro \u00e0 l&rsquo;\u00e9gard de la traite des \u00eatres humains, de la servitude ou du travail forc\u00e9 de quelque nature que ce soit et \u00e0 respecter les m\u00eames normes dans notre cha\u00eene d&rsquo;approvisionnement mondiale. Nous respectons les lois et r\u00e9glementations locales et exigeons les normes les plus \u00e9lev\u00e9es de la part de nos partenaires de la cha\u00eene d&rsquo;approvisionnement.   <\/p>\n<p>C&rsquo;est pourquoi nous sommes \u00e9galement membre enregistr\u00e9 de SEDEX. Nous nous engageons \u00e0 respecter les normes de comportement \u00e9thique les plus strictes pour nos employ\u00e9s, nos cadres, nos directeurs et nos partenaires commerciaux. <\/p>\n<p>Tous nos employ\u00e9s sont tenus de signer et de respecter ce code de conduite et d&rsquo;\u00e9thique. La communaut\u00e9, l&rsquo;\u00e9quit\u00e9 et la responsabilit\u00e9 sociale sont des \u00e9l\u00e9ments de notre culture d&rsquo;entreprise et d\u00e9terminent nos actions quotidiennes. La sant\u00e9 de nos employ\u00e9s est importante pour nous, et pas seulement pendant la pand\u00e9mie de Corona. En outre, nous misons sur des programmes de formation continue \u00e9tendus afin de pr\u00e9parer au mieux nos employ\u00e9s \u00e0 leur travail quotidien.   <\/p>\n\t\t\t\t\t\t\t\t<\/div>\n\t\t\t\t<\/div>\n\t\t\t\t\t<\/div>\n\t\t\t\t<\/div>\n\t\t\t\t<\/div>\n\t\t","protected":false},"excerpt":{"rendered":"<p>Durabilit\u00e9 Nous travaillons continuellement \u00e0 l&rsquo;am\u00e9lioration de notre organisation afin d&rsquo;\u00eatre une entreprise responsable au b\u00e9n\u00e9fice de nos employ\u00e9s, clients et partenaires commerciaux. Cette philosophie garantit \u00e9galement que nous prenons en compte l&rsquo;impact social, environnemental et \u00e9conomique de nos activit\u00e9s dans tous nos processus de d\u00e9cision. Nous nous engageons \u00e0 fournir des produits de la [&hellip;]<\/p>\n","protected":false},"author":10,"featured_media":0,"parent":0,"menu_order":40,"comment_status":"closed","ping_status":"closed","template":"","meta":{"footnotes":""},"class_list":["post-5863","page","type-page","status-publish","hentry"],"yoast_head":"<!-- This site is optimized with the Yoast SEO plugin v27.5 - https:\/\/yoast.com\/product\/yoast-seo-wordpress\/ -->\n<title>Notre engagement en faveur du d\u00e9veloppement durable | Ducktape\u00ae<\/title>\n<meta name=\"description\" content=\"Duck\u00ae utilise des produits respectueux de l&#039;environnement, le recyclage, les certificats FSC et PEFC et des normes \u00e9thiques pour la cha\u00eene d&#039;approvisionnement. Vivre la durabilit\u00e9.\" \/>\n<meta name=\"robots\" content=\"index, follow, max-snippet:-1, max-image-preview:large, max-video-preview:-1\" \/>\n<link rel=\"canonical\" href=\"https:\/\/ducktape.eu\/fr\/durabilite\/\" \/>\n<meta property=\"og:locale\" content=\"fr_FR\" \/>\n<meta property=\"og:type\" content=\"article\" \/>\n<meta property=\"og:title\" content=\"Notre engagement en faveur du d\u00e9veloppement durable | Ducktape\u00ae\" \/>\n<meta property=\"og:description\" content=\"Duck\u00ae utilise des produits respectueux de l&#039;environnement, le recyclage, les certificats FSC et PEFC et des normes \u00e9thiques pour la cha\u00eene d&#039;approvisionnement. Vivre la durabilit\u00e9.\" \/>\n<meta property=\"og:url\" content=\"https:\/\/ducktape.eu\/fr\/durabilite\/\" \/>\n<meta property=\"og:site_name\" content=\"Ducktape\u00ae\" \/>\n<meta property=\"article:modified_time\" content=\"2024-11-04T11:01:16+00:00\" \/>\n<meta name=\"twitter:card\" content=\"summary_large_image\" \/>\n<meta name=\"twitter:label1\" content=\"Dur\u00e9e de lecture estim\u00e9e\" \/>\n\t<meta name=\"twitter:data1\" content=\"3 minutes\" \/>\n<script type=\"application\/ld+json\" class=\"yoast-schema-graph\">{\"@context\":\"https:\\\/\\\/schema.org\",\"@graph\":[{\"@type\":\"WebPage\",\"@id\":\"https:\\\/\\\/ducktape.eu\\\/fr\\\/durabilite\\\/\",\"url\":\"https:\\\/\\\/ducktape.eu\\\/fr\\\/durabilite\\\/\",\"name\":\"Notre engagement en faveur du d\u00e9veloppement durable | Ducktape\u00ae\",\"isPartOf\":{\"@id\":\"https:\\\/\\\/ducktape.eu\\\/fr\\\/#website\"},\"datePublished\":\"2024-10-16T10:25:01+00:00\",\"dateModified\":\"2024-11-04T11:01:16+00:00\",\"description\":\"Duck\u00ae utilise des produits respectueux de l'environnement, le recyclage, les certificats FSC et PEFC et des normes \u00e9thiques pour la cha\u00eene d'approvisionnement. Vivre la durabilit\u00e9.\",\"breadcrumb\":{\"@id\":\"https:\\\/\\\/ducktape.eu\\\/fr\\\/durabilite\\\/#breadcrumb\"},\"inLanguage\":\"fr-FR\",\"potentialAction\":[{\"@type\":\"ReadAction\",\"target\":[\"https:\\\/\\\/ducktape.eu\\\/fr\\\/durabilite\\\/\"]}]},{\"@type\":\"BreadcrumbList\",\"@id\":\"https:\\\/\\\/ducktape.eu\\\/fr\\\/durabilite\\\/#breadcrumb\",\"itemListElement\":[{\"@type\":\"ListItem\",\"position\":1,\"name\":\"Home\",\"item\":\"https:\\\/\\\/ducktape.eu\\\/fr\\\/page-daccueil\\\/\"},{\"@type\":\"ListItem\",\"position\":2,\"name\":\"Durabilit\u00e9\"}]},{\"@type\":\"WebSite\",\"@id\":\"https:\\\/\\\/ducktape.eu\\\/fr\\\/#website\",\"url\":\"https:\\\/\\\/ducktape.eu\\\/fr\\\/\",\"name\":\"Ducktape\u00ae\",\"description\":\"\",\"publisher\":{\"@id\":\"https:\\\/\\\/ducktape.eu\\\/fr\\\/#organization\"},\"potentialAction\":[{\"@type\":\"SearchAction\",\"target\":{\"@type\":\"EntryPoint\",\"urlTemplate\":\"https:\\\/\\\/ducktape.eu\\\/fr\\\/?s={search_term_string}\"},\"query-input\":{\"@type\":\"PropertyValueSpecification\",\"valueRequired\":true,\"valueName\":\"search_term_string\"}}],\"inLanguage\":\"fr-FR\"},{\"@type\":\"Organization\",\"@id\":\"https:\\\/\\\/ducktape.eu\\\/fr\\\/#organization\",\"name\":\"Ducktape\u00ae\",\"url\":\"https:\\\/\\\/ducktape.eu\\\/fr\\\/\",\"logo\":{\"@type\":\"ImageObject\",\"inLanguage\":\"fr-FR\",\"@id\":\"https:\\\/\\\/ducktape.eu\\\/fr\\\/#\\\/schema\\\/logo\\\/image\\\/\",\"url\":\"https:\\\/\\\/ducktape.eu\\\/wp-content\\\/uploads\\\/2023\\\/08\\\/ducktape-logo.svg\",\"contentUrl\":\"https:\\\/\\\/ducktape.eu\\\/wp-content\\\/uploads\\\/2023\\\/08\\\/ducktape-logo.svg\",\"caption\":\"Ducktape\u00ae\"},\"image\":{\"@id\":\"https:\\\/\\\/ducktape.eu\\\/fr\\\/#\\\/schema\\\/logo\\\/image\\\/\"}}]}<\/script>\n<!-- \/ Yoast SEO plugin. -->","yoast_head_json":{"title":"Notre engagement en faveur du d\u00e9veloppement durable | Ducktape\u00ae","description":"Duck\u00ae utilise des produits respectueux de l'environnement, le recyclage, les certificats FSC et PEFC et des normes \u00e9thiques pour la cha\u00eene d'approvisionnement. Vivre la durabilit\u00e9.","robots":{"index":"index","follow":"follow","max-snippet":"max-snippet:-1","max-image-preview":"max-image-preview:large","max-video-preview":"max-video-preview:-1"},"canonical":"https:\/\/ducktape.eu\/fr\/durabilite\/","og_locale":"fr_FR","og_type":"article","og_title":"Notre engagement en faveur du d\u00e9veloppement durable | Ducktape\u00ae","og_description":"Duck\u00ae utilise des produits respectueux de l'environnement, le recyclage, les certificats FSC et PEFC et des normes \u00e9thiques pour la cha\u00eene d'approvisionnement. Vivre la durabilit\u00e9.","og_url":"https:\/\/ducktape.eu\/fr\/durabilite\/","og_site_name":"Ducktape\u00ae","article_modified_time":"2024-11-04T11:01:16+00:00","twitter_card":"summary_large_image","twitter_misc":{"Dur\u00e9e de lecture estim\u00e9e":"3 minutes"},"schema":{"@context":"https:\/\/schema.org","@graph":[{"@type":"WebPage","@id":"https:\/\/ducktape.eu\/fr\/durabilite\/","url":"https:\/\/ducktape.eu\/fr\/durabilite\/","name":"Notre engagement en faveur du d\u00e9veloppement durable | Ducktape\u00ae","isPartOf":{"@id":"https:\/\/ducktape.eu\/fr\/#website"},"datePublished":"2024-10-16T10:25:01+00:00","dateModified":"2024-11-04T11:01:16+00:00","description":"Duck\u00ae utilise des produits respectueux de l'environnement, le recyclage, les certificats FSC et PEFC et des normes \u00e9thiques pour la cha\u00eene d'approvisionnement. Vivre la durabilit\u00e9.","breadcrumb":{"@id":"https:\/\/ducktape.eu\/fr\/durabilite\/#breadcrumb"},"inLanguage":"fr-FR","potentialAction":[{"@type":"ReadAction","target":["https:\/\/ducktape.eu\/fr\/durabilite\/"]}]},{"@type":"BreadcrumbList","@id":"https:\/\/ducktape.eu\/fr\/durabilite\/#breadcrumb","itemListElement":[{"@type":"ListItem","position":1,"name":"Home","item":"https:\/\/ducktape.eu\/fr\/page-daccueil\/"},{"@type":"ListItem","position":2,"name":"Durabilit\u00e9"}]},{"@type":"WebSite","@id":"https:\/\/ducktape.eu\/fr\/#website","url":"https:\/\/ducktape.eu\/fr\/","name":"Ducktape\u00ae","description":"","publisher":{"@id":"https:\/\/ducktape.eu\/fr\/#organization"},"potentialAction":[{"@type":"SearchAction","target":{"@type":"EntryPoint","urlTemplate":"https:\/\/ducktape.eu\/fr\/?s={search_term_string}"},"query-input":{"@type":"PropertyValueSpecification","valueRequired":true,"valueName":"search_term_string"}}],"inLanguage":"fr-FR"},{"@type":"Organization","@id":"https:\/\/ducktape.eu\/fr\/#organization","name":"Ducktape\u00ae","url":"https:\/\/ducktape.eu\/fr\/","logo":{"@type":"ImageObject","inLanguage":"fr-FR","@id":"https:\/\/ducktape.eu\/fr\/#\/schema\/logo\/image\/","url":"https:\/\/ducktape.eu\/wp-content\/uploads\/2023\/08\/ducktape-logo.svg","contentUrl":"https:\/\/ducktape.eu\/wp-content\/uploads\/2023\/08\/ducktape-logo.svg","caption":"Ducktape\u00ae"},"image":{"@id":"https:\/\/ducktape.eu\/fr\/#\/schema\/logo\/image\/"}}]}},"_links":{"self":[{"href":"https:\/\/ducktape.eu\/fr\/wp-json\/wp\/v2\/pages\/5863","targetHints":{"allow":["GET"]}}],"collection":[{"href":"https:\/\/ducktape.eu\/fr\/wp-json\/wp\/v2\/pages"}],"about":[{"href":"https:\/\/ducktape.eu\/fr\/wp-json\/wp\/v2\/types\/page"}],"author":[{"embeddable":true,"href":"https:\/\/ducktape.eu\/fr\/wp-json\/wp\/v2\/users\/10"}],"replies":[{"embeddable":true,"href":"https:\/\/ducktape.eu\/fr\/wp-json\/wp\/v2\/comments?post=5863"}],"version-history":[{"count":2,"href":"https:\/\/ducktape.eu\/fr\/wp-json\/wp\/v2\/pages\/5863\/revisions"}],"predecessor-version":[{"id":5888,"href":"https:\/\/ducktape.eu\/fr\/wp-json\/wp\/v2\/pages\/5863\/revisions\/5888"}],"wp:attachment":[{"href":"https:\/\/ducktape.eu\/fr\/wp-json\/wp\/v2\/media?parent=5863"}],"curies":[{"name":"wp","href":"https:\/\/api.w.org\/{rel}","templated":true}]}}