{"id":6406,"date":"2023-08-29T15:42:14","date_gmt":"2023-08-29T13:42:14","guid":{"rendered":"https:\/\/ducktape.eu\/produkt\/uncategorized\/duck-mirror-mounting-tape\/"},"modified":"2023-08-29T15:42:14","modified_gmt":"2023-08-29T13:42:14","slug":"duck-mirror-mounting-tape","status":"publish","type":"product","link":"https:\/\/ducktape.eu\/en\/product\/mount\/duck-mirror-mounting-tape\/","title":{"rendered":"Duck<sup>\u00ae<\/sup> mirror mounting tape"},"content":{"rendered":"<p><strong>Properties  <\/strong><\/p>\n<ul>\n<li>Easily carries up to 1 kg in weight<\/li>\n<li>Installation without drilling or complicated tools &#8211; simple, quick and clean<\/li>\n<li>Can be cut to size for a custom-fit application<\/li>\n<li>Dimensions: 19mm x 5m<\/li>\n<\/ul>\n<p>&nbsp;<\/p>\n<p><strong>Field of application<\/strong><\/p>\n<ul>\n<li>Uncomplicated mirror installation indoors<\/li>\n<li>Especially for use in the bathroom<\/li>\n<li>Reliable adhesion to smooth surfaces such as metal, glass and tiles<\/li>\n<\/ul>\n","protected":false},"excerpt":{"rendered":"<p>Our mirror mounting tape makes hanging mirrors in the bathroom a breeze. The tape sticks reliably to smooth surfaces such as metal, glass and tiles. With a length of 35 cm, it even carries heavy mirrors weighing up to 1 kg with ease. Bye-bye drilling and complicated tools &#8211; installation is child&#8217;s play, quick and leaves no mess or holes that have to be filled again afterwards. You can cut the tape to your individual requirements. Our mirror mounting tape is the ultimate choice for robust and durable mirror mounting indoors.<\/p>\n","protected":false},"featured_media":535,"comment_status":"open","ping_status":"closed","template":"","meta":[],"product_brand":[],"product_cat":[65],"product_tag":[],"class_list":{"0":"post-6406","1":"product","2":"type-product","3":"status-publish","4":"has-post-thumbnail","6":"product_cat-mount","8":"first","9":"instock","10":"shipping-taxable","11":"product-type-simple"},"yoast_head":"<!-- This site is optimized with the Yoast SEO plugin v27.5 - https:\/\/yoast.com\/product\/yoast-seo-wordpress\/ -->\n<title>Duck\u00ae mirror mounting tape | Ducktape\u00ae<\/title>\n<meta name=\"description\" content=\"Entdecken Sie das vielseitige Produktsortiment von Duck\u00ae: Klebeb\u00e4nder f\u00fcr Innen, Au\u00dfen, Malerarbeiten, Reparaturen und Befestigungen.\" \/>\n<meta name=\"robots\" content=\"index, follow, max-snippet:-1, max-image-preview:large, max-video-preview:-1\" \/>\n<link rel=\"canonical\" href=\"https:\/\/ducktape.eu\/en\/product\/mount\/duck-mirror-mounting-tape\/\" \/>\n<meta property=\"og:locale\" content=\"en_US\" \/>\n<meta property=\"og:type\" content=\"article\" \/>\n<meta property=\"og:title\" content=\"Duck\u00ae mirror mounting tape | Ducktape\u00ae\" \/>\n<meta property=\"og:description\" content=\"Entdecken Sie das vielseitige Produktsortiment von Duck\u00ae: Klebeb\u00e4nder f\u00fcr Innen, Au\u00dfen, Malerarbeiten, Reparaturen und Befestigungen.\" \/>\n<meta property=\"og:url\" content=\"https:\/\/ducktape.eu\/en\/product\/mount\/duck-mirror-mounting-tape\/\" \/>\n<meta property=\"og:site_name\" content=\"Ducktape\u00ae\" \/>\n<meta property=\"og:image\" content=\"https:\/\/ducktape.eu\/wp-content\/uploads\/2023\/08\/126-00.png\" \/>\n\t<meta property=\"og:image:width\" content=\"1000\" \/>\n\t<meta property=\"og:image:height\" content=\"1316\" \/>\n\t<meta property=\"og:image:type\" content=\"image\/png\" \/>\n<meta name=\"twitter:card\" content=\"summary_large_image\" \/>\n<script type=\"application\/ld+json\" class=\"yoast-schema-graph\">{\"@context\":\"https:\\\/\\\/schema.org\",\"@graph\":[{\"@type\":\"WebPage\",\"@id\":\"https:\\\/\\\/ducktape.eu\\\/en\\\/product\\\/mount\\\/duck-mirror-mounting-tape\\\/\",\"url\":\"https:\\\/\\\/ducktape.eu\\\/en\\\/product\\\/mount\\\/duck-mirror-mounting-tape\\\/\",\"name\":\"Duck\u00ae mirror mounting tape | Ducktape\u00ae\",\"isPartOf\":{\"@id\":\"https:\\\/\\\/ducktape.eu\\\/en\\\/#website\"},\"primaryImageOfPage\":{\"@id\":\"https:\\\/\\\/ducktape.eu\\\/en\\\/product\\\/mount\\\/duck-mirror-mounting-tape\\\/#primaryimage\"},\"image\":{\"@id\":\"https:\\\/\\\/ducktape.eu\\\/en\\\/product\\\/mount\\\/duck-mirror-mounting-tape\\\/#primaryimage\"},\"thumbnailUrl\":\"https:\\\/\\\/ducktape.eu\\\/wp-content\\\/uploads\\\/2023\\\/08\\\/126-00.png\",\"datePublished\":\"2023-08-29T13:42:14+00:00\",\"description\":\"Entdecken Sie das vielseitige Produktsortiment von Duck\u00ae: Klebeb\u00e4nder f\u00fcr Innen, Au\u00dfen, Malerarbeiten, Reparaturen und Befestigungen.\",\"breadcrumb\":{\"@id\":\"https:\\\/\\\/ducktape.eu\\\/en\\\/product\\\/mount\\\/duck-mirror-mounting-tape\\\/#breadcrumb\"},\"inLanguage\":\"en-US\",\"potentialAction\":[{\"@type\":\"ReadAction\",\"target\":[\"https:\\\/\\\/ducktape.eu\\\/en\\\/product\\\/mount\\\/duck-mirror-mounting-tape\\\/\"]}]},{\"@type\":\"ImageObject\",\"inLanguage\":\"en-US\",\"@id\":\"https:\\\/\\\/ducktape.eu\\\/en\\\/product\\\/mount\\\/duck-mirror-mounting-tape\\\/#primaryimage\",\"url\":\"https:\\\/\\\/ducktape.eu\\\/wp-content\\\/uploads\\\/2023\\\/08\\\/126-00.png\",\"contentUrl\":\"https:\\\/\\\/ducktape.eu\\\/wp-content\\\/uploads\\\/2023\\\/08\\\/126-00.png\",\"width\":1000,\"height\":1316},{\"@type\":\"BreadcrumbList\",\"@id\":\"https:\\\/\\\/ducktape.eu\\\/en\\\/product\\\/mount\\\/duck-mirror-mounting-tape\\\/#breadcrumb\",\"itemListElement\":[{\"@type\":\"ListItem\",\"position\":1,\"name\":\"Home\",\"item\":\"https:\\\/\\\/ducktape.eu\\\/en\\\/homepage\\\/\"},{\"@type\":\"ListItem\",\"position\":2,\"name\":\"Products\",\"item\":\"https:\\\/\\\/ducktape.eu\\\/en\\\/shop\\\/\"},{\"@type\":\"ListItem\",\"position\":3,\"name\":\"mount\",\"item\":\"https:\\\/\\\/ducktape.eu\\\/en\\\/product-category\\\/mount\\\/\"},{\"@type\":\"ListItem\",\"position\":4,\"name\":\"Duck\u00ae mirror mounting tape\"}]},{\"@type\":\"WebSite\",\"@id\":\"https:\\\/\\\/ducktape.eu\\\/en\\\/#website\",\"url\":\"https:\\\/\\\/ducktape.eu\\\/en\\\/\",\"name\":\"Ducktape\u00ae\",\"description\":\"\",\"publisher\":{\"@id\":\"https:\\\/\\\/ducktape.eu\\\/en\\\/#organization\"},\"potentialAction\":[{\"@type\":\"SearchAction\",\"target\":{\"@type\":\"EntryPoint\",\"urlTemplate\":\"https:\\\/\\\/ducktape.eu\\\/en\\\/?s={search_term_string}\"},\"query-input\":{\"@type\":\"PropertyValueSpecification\",\"valueRequired\":true,\"valueName\":\"search_term_string\"}}],\"inLanguage\":\"en-US\"},{\"@type\":\"Organization\",\"@id\":\"https:\\\/\\\/ducktape.eu\\\/en\\\/#organization\",\"name\":\"Ducktape\u00ae\",\"url\":\"https:\\\/\\\/ducktape.eu\\\/en\\\/\",\"logo\":{\"@type\":\"ImageObject\",\"inLanguage\":\"en-US\",\"@id\":\"https:\\\/\\\/ducktape.eu\\\/en\\\/#\\\/schema\\\/logo\\\/image\\\/\",\"url\":\"https:\\\/\\\/ducktape.eu\\\/wp-content\\\/uploads\\\/2023\\\/08\\\/ducktape-logo.svg\",\"contentUrl\":\"https:\\\/\\\/ducktape.eu\\\/wp-content\\\/uploads\\\/2023\\\/08\\\/ducktape-logo.svg\",\"caption\":\"Ducktape\u00ae\"},\"image\":{\"@id\":\"https:\\\/\\\/ducktape.eu\\\/en\\\/#\\\/schema\\\/logo\\\/image\\\/\"}}]}<\/script>\n<!-- \/ Yoast SEO plugin. -->","yoast_head_json":{"title":"Duck\u00ae mirror mounting tape | Ducktape\u00ae","description":"Entdecken Sie das vielseitige Produktsortiment von Duck\u00ae: Klebeb\u00e4nder f\u00fcr Innen, Au\u00dfen, Malerarbeiten, Reparaturen und Befestigungen.","robots":{"index":"index","follow":"follow","max-snippet":"max-snippet:-1","max-image-preview":"max-image-preview:large","max-video-preview":"max-video-preview:-1"},"canonical":"https:\/\/ducktape.eu\/en\/product\/mount\/duck-mirror-mounting-tape\/","og_locale":"en_US","og_type":"article","og_title":"Duck\u00ae mirror mounting tape | Ducktape\u00ae","og_description":"Entdecken Sie das vielseitige Produktsortiment von Duck\u00ae: Klebeb\u00e4nder f\u00fcr Innen, Au\u00dfen, Malerarbeiten, Reparaturen und Befestigungen.","og_url":"https:\/\/ducktape.eu\/en\/product\/mount\/duck-mirror-mounting-tape\/","og_site_name":"Ducktape\u00ae","og_image":[{"width":1000,"height":1316,"url":"https:\/\/ducktape.eu\/wp-content\/uploads\/2023\/08\/126-00.png","type":"image\/png"}],"twitter_card":"summary_large_image","schema":{"@context":"https:\/\/schema.org","@graph":[{"@type":"WebPage","@id":"https:\/\/ducktape.eu\/en\/product\/mount\/duck-mirror-mounting-tape\/","url":"https:\/\/ducktape.eu\/en\/product\/mount\/duck-mirror-mounting-tape\/","name":"Duck\u00ae mirror mounting tape | Ducktape\u00ae","isPartOf":{"@id":"https:\/\/ducktape.eu\/en\/#website"},"primaryImageOfPage":{"@id":"https:\/\/ducktape.eu\/en\/product\/mount\/duck-mirror-mounting-tape\/#primaryimage"},"image":{"@id":"https:\/\/ducktape.eu\/en\/product\/mount\/duck-mirror-mounting-tape\/#primaryimage"},"thumbnailUrl":"https:\/\/ducktape.eu\/wp-content\/uploads\/2023\/08\/126-00.png","datePublished":"2023-08-29T13:42:14+00:00","description":"Entdecken Sie das vielseitige Produktsortiment von Duck\u00ae: Klebeb\u00e4nder f\u00fcr Innen, Au\u00dfen, Malerarbeiten, Reparaturen und Befestigungen.","breadcrumb":{"@id":"https:\/\/ducktape.eu\/en\/product\/mount\/duck-mirror-mounting-tape\/#breadcrumb"},"inLanguage":"en-US","potentialAction":[{"@type":"ReadAction","target":["https:\/\/ducktape.eu\/en\/product\/mount\/duck-mirror-mounting-tape\/"]}]},{"@type":"ImageObject","inLanguage":"en-US","@id":"https:\/\/ducktape.eu\/en\/product\/mount\/duck-mirror-mounting-tape\/#primaryimage","url":"https:\/\/ducktape.eu\/wp-content\/uploads\/2023\/08\/126-00.png","contentUrl":"https:\/\/ducktape.eu\/wp-content\/uploads\/2023\/08\/126-00.png","width":1000,"height":1316},{"@type":"BreadcrumbList","@id":"https:\/\/ducktape.eu\/en\/product\/mount\/duck-mirror-mounting-tape\/#breadcrumb","itemListElement":[{"@type":"ListItem","position":1,"name":"Home","item":"https:\/\/ducktape.eu\/en\/homepage\/"},{"@type":"ListItem","position":2,"name":"Products","item":"https:\/\/ducktape.eu\/en\/shop\/"},{"@type":"ListItem","position":3,"name":"mount","item":"https:\/\/ducktape.eu\/en\/product-category\/mount\/"},{"@type":"ListItem","position":4,"name":"Duck\u00ae mirror mounting tape"}]},{"@type":"WebSite","@id":"https:\/\/ducktape.eu\/en\/#website","url":"https:\/\/ducktape.eu\/en\/","name":"Ducktape\u00ae","description":"","publisher":{"@id":"https:\/\/ducktape.eu\/en\/#organization"},"potentialAction":[{"@type":"SearchAction","target":{"@type":"EntryPoint","urlTemplate":"https:\/\/ducktape.eu\/en\/?s={search_term_string}"},"query-input":{"@type":"PropertyValueSpecification","valueRequired":true,"valueName":"search_term_string"}}],"inLanguage":"en-US"},{"@type":"Organization","@id":"https:\/\/ducktape.eu\/en\/#organization","name":"Ducktape\u00ae","url":"https:\/\/ducktape.eu\/en\/","logo":{"@type":"ImageObject","inLanguage":"en-US","@id":"https:\/\/ducktape.eu\/en\/#\/schema\/logo\/image\/","url":"https:\/\/ducktape.eu\/wp-content\/uploads\/2023\/08\/ducktape-logo.svg","contentUrl":"https:\/\/ducktape.eu\/wp-content\/uploads\/2023\/08\/ducktape-logo.svg","caption":"Ducktape\u00ae"},"image":{"@id":"https:\/\/ducktape.eu\/en\/#\/schema\/logo\/image\/"}}]}},"_links":{"self":[{"href":"https:\/\/ducktape.eu\/en\/wp-json\/wp\/v2\/product\/6406","targetHints":{"allow":["GET"]}}],"collection":[{"href":"https:\/\/ducktape.eu\/en\/wp-json\/wp\/v2\/product"}],"about":[{"href":"https:\/\/ducktape.eu\/en\/wp-json\/wp\/v2\/types\/product"}],"replies":[{"embeddable":true,"href":"https:\/\/ducktape.eu\/en\/wp-json\/wp\/v2\/comments?post=6406"}],"wp:featuredmedia":[{"embeddable":true,"href":"https:\/\/ducktape.eu\/en\/wp-json\/wp\/v2\/media\/535"}],"wp:attachment":[{"href":"https:\/\/ducktape.eu\/en\/wp-json\/wp\/v2\/media?parent=6406"}],"wp:term":[{"taxonomy":"product_brand","embeddable":true,"href":"https:\/\/ducktape.eu\/en\/wp-json\/wp\/v2\/product_brand?post=6406"},{"taxonomy":"product_cat","embeddable":true,"href":"https:\/\/ducktape.eu\/en\/wp-json\/wp\/v2\/product_cat?post=6406"},{"taxonomy":"product_tag","embeddable":true,"href":"https:\/\/ducktape.eu\/en\/wp-json\/wp\/v2\/product_tag?post=6406"}],"curies":[{"name":"wp","href":"https:\/\/api.w.org\/{rel}","templated":true}]}}