{"id":6404,"date":"2023-10-13T12:38:44","date_gmt":"2023-10-13T10:38:44","guid":{"rendered":"https:\/\/ducktape.eu\/produkt\/uncategorized\/duck-nano-grab\/"},"modified":"2023-10-13T12:38:44","modified_gmt":"2023-10-13T10:38:44","slug":"duck-nano-grab","status":"publish","type":"product","link":"https:\/\/ducktape.eu\/en\/product\/mount\/duck-nano-grab\/","title":{"rendered":"Duck<sup>\u00ae<\/sup> Nano-Grab"},"content":{"rendered":"<p><strong>Properties  <\/strong><\/p>\n<ul>\n<li>Transparent, double-sided gel tape<\/li>\n<li>Easy to apply and can be removed without leaving any residue<\/li>\n<li>Holds up to 9 kg per 1.5-meter roll<\/li>\n<li>Reusable: Washable with warm soapy water after removal from the surface<\/li>\n<li>Dimensions: 24mm x 1.5m<\/li>\n<\/ul>\n<p>&nbsp;<\/p>\n<p><strong>Field of application  <\/strong><\/p>\n<ul>\n<li>Versatile for DIY and repair work<\/li>\n<li>Ideal for temporary and permanent projects at home and in the office<\/li>\n<li>Suitable for various surfaces: painted drywall, wood, glass, tiles, metal, stone, brick<\/li>\n<\/ul>\n","protected":false},"excerpt":{"rendered":"<p>With the Duck\u00ae Nano-Grab\u00ae you are the ultimate DIY hero! DIY and repair projects become child&#8217;s play. The gel-like tape is transparent and double-sided adhesive &#8211; simply peel it off, cut it off, stick it on and off you go!<\/p>\n<p>Small microspheres in the structure of the tape make it extremely adhesive. Whether you want to fix something in the short term or attach something in the long term &#8211; the Duck\u00ae Nano-Grab\u00ae has everything under control.<\/p>\n<p>It holds up to 9 kilos per 1.5-meter roll on a wide variety of surfaces such as painted drywall, wood, glass, tiles or metal. The tape is ready for any use!<\/p>\n<p>And the best part? If you peel it off the surface, you can be sure that, despite its strong adhesion, it can be easily removed again without leaving any sticky residue. Say goodbye to annoying leftovers! As if that wasn&#8217;t enough, the band goes one better because you can simply wash and reuse it after use.<\/p>\n<p>The Duck\u00ae Nano-Grab\u00ae is definitely our superhero among adhesive tapes!<\/p>\n","protected":false},"featured_media":3409,"comment_status":"open","ping_status":"closed","template":"","meta":[],"product_brand":[],"product_cat":[65],"product_tag":[],"class_list":{"0":"post-6404","1":"product","2":"type-product","3":"status-publish","4":"has-post-thumbnail","6":"product_cat-mount","8":"first","9":"instock","10":"shipping-taxable","11":"product-type-simple"},"yoast_head":"<!-- This site is optimized with the Yoast SEO plugin v27.4 - https:\/\/yoast.com\/product\/yoast-seo-wordpress\/ -->\n<title>Duck\u00ae Nano-Grab | Ducktape\u00ae<\/title>\n<meta name=\"description\" content=\"Entdecken Sie das vielseitige Produktsortiment von Duck\u00ae: Klebeb\u00e4nder f\u00fcr Innen, Au\u00dfen, Malerarbeiten, Reparaturen und Befestigungen.\" \/>\n<meta name=\"robots\" content=\"index, follow, max-snippet:-1, max-image-preview:large, max-video-preview:-1\" \/>\n<link rel=\"canonical\" href=\"https:\/\/ducktape.eu\/en\/product\/mount\/duck-nano-grab\/\" \/>\n<meta property=\"og:locale\" content=\"en_US\" \/>\n<meta property=\"og:type\" content=\"article\" \/>\n<meta property=\"og:title\" content=\"Duck\u00ae Nano-Grab | Ducktape\u00ae\" \/>\n<meta property=\"og:description\" content=\"Entdecken Sie das vielseitige Produktsortiment von Duck\u00ae: Klebeb\u00e4nder f\u00fcr Innen, Au\u00dfen, Malerarbeiten, Reparaturen und Befestigungen.\" \/>\n<meta property=\"og:url\" content=\"https:\/\/ducktape.eu\/en\/product\/mount\/duck-nano-grab\/\" \/>\n<meta property=\"og:site_name\" content=\"Ducktape\u00ae\" \/>\n<meta property=\"og:image\" content=\"https:\/\/ducktape.eu\/wp-content\/uploads\/2023\/10\/DCK_Nano_147-01_225522_Rolle-820x1024.png\" \/>\n\t<meta property=\"og:image:width\" content=\"820\" \/>\n\t<meta property=\"og:image:height\" content=\"1024\" \/>\n\t<meta property=\"og:image:type\" content=\"image\/png\" \/>\n<meta name=\"twitter:card\" content=\"summary_large_image\" \/>\n<script type=\"application\/ld+json\" class=\"yoast-schema-graph\">{\"@context\":\"https:\\\/\\\/schema.org\",\"@graph\":[{\"@type\":\"WebPage\",\"@id\":\"https:\\\/\\\/ducktape.eu\\\/en\\\/product\\\/mount\\\/duck-nano-grab\\\/\",\"url\":\"https:\\\/\\\/ducktape.eu\\\/en\\\/product\\\/mount\\\/duck-nano-grab\\\/\",\"name\":\"Duck\u00ae Nano-Grab | Ducktape\u00ae\",\"isPartOf\":{\"@id\":\"https:\\\/\\\/ducktape.eu\\\/en\\\/#website\"},\"primaryImageOfPage\":{\"@id\":\"https:\\\/\\\/ducktape.eu\\\/en\\\/product\\\/mount\\\/duck-nano-grab\\\/#primaryimage\"},\"image\":{\"@id\":\"https:\\\/\\\/ducktape.eu\\\/en\\\/product\\\/mount\\\/duck-nano-grab\\\/#primaryimage\"},\"thumbnailUrl\":\"https:\\\/\\\/ducktape.eu\\\/wp-content\\\/uploads\\\/2023\\\/10\\\/DCK_Nano_147-01_225522_Rolle.png\",\"datePublished\":\"2023-10-13T10:38:44+00:00\",\"description\":\"Entdecken Sie das vielseitige Produktsortiment von Duck\u00ae: Klebeb\u00e4nder f\u00fcr Innen, Au\u00dfen, Malerarbeiten, Reparaturen und Befestigungen.\",\"breadcrumb\":{\"@id\":\"https:\\\/\\\/ducktape.eu\\\/en\\\/product\\\/mount\\\/duck-nano-grab\\\/#breadcrumb\"},\"inLanguage\":\"en-US\",\"potentialAction\":[{\"@type\":\"ReadAction\",\"target\":[\"https:\\\/\\\/ducktape.eu\\\/en\\\/product\\\/mount\\\/duck-nano-grab\\\/\"]}]},{\"@type\":\"ImageObject\",\"inLanguage\":\"en-US\",\"@id\":\"https:\\\/\\\/ducktape.eu\\\/en\\\/product\\\/mount\\\/duck-nano-grab\\\/#primaryimage\",\"url\":\"https:\\\/\\\/ducktape.eu\\\/wp-content\\\/uploads\\\/2023\\\/10\\\/DCK_Nano_147-01_225522_Rolle.png\",\"contentUrl\":\"https:\\\/\\\/ducktape.eu\\\/wp-content\\\/uploads\\\/2023\\\/10\\\/DCK_Nano_147-01_225522_Rolle.png\",\"width\":2362,\"height\":2948},{\"@type\":\"BreadcrumbList\",\"@id\":\"https:\\\/\\\/ducktape.eu\\\/en\\\/product\\\/mount\\\/duck-nano-grab\\\/#breadcrumb\",\"itemListElement\":[{\"@type\":\"ListItem\",\"position\":1,\"name\":\"Home\",\"item\":\"https:\\\/\\\/ducktape.eu\\\/en\\\/homepage\\\/\"},{\"@type\":\"ListItem\",\"position\":2,\"name\":\"Products\",\"item\":\"https:\\\/\\\/ducktape.eu\\\/en\\\/shop\\\/\"},{\"@type\":\"ListItem\",\"position\":3,\"name\":\"mount\",\"item\":\"https:\\\/\\\/ducktape.eu\\\/en\\\/product-category\\\/mount\\\/\"},{\"@type\":\"ListItem\",\"position\":4,\"name\":\"Duck\u00ae Nano-Grab\"}]},{\"@type\":\"WebSite\",\"@id\":\"https:\\\/\\\/ducktape.eu\\\/en\\\/#website\",\"url\":\"https:\\\/\\\/ducktape.eu\\\/en\\\/\",\"name\":\"Ducktape\u00ae\",\"description\":\"\",\"publisher\":{\"@id\":\"https:\\\/\\\/ducktape.eu\\\/en\\\/#organization\"},\"potentialAction\":[{\"@type\":\"SearchAction\",\"target\":{\"@type\":\"EntryPoint\",\"urlTemplate\":\"https:\\\/\\\/ducktape.eu\\\/en\\\/?s={search_term_string}\"},\"query-input\":{\"@type\":\"PropertyValueSpecification\",\"valueRequired\":true,\"valueName\":\"search_term_string\"}}],\"inLanguage\":\"en-US\"},{\"@type\":\"Organization\",\"@id\":\"https:\\\/\\\/ducktape.eu\\\/en\\\/#organization\",\"name\":\"Ducktape\u00ae\",\"url\":\"https:\\\/\\\/ducktape.eu\\\/en\\\/\",\"logo\":{\"@type\":\"ImageObject\",\"inLanguage\":\"en-US\",\"@id\":\"https:\\\/\\\/ducktape.eu\\\/en\\\/#\\\/schema\\\/logo\\\/image\\\/\",\"url\":\"https:\\\/\\\/ducktape.eu\\\/wp-content\\\/uploads\\\/2023\\\/08\\\/ducktape-logo.svg\",\"contentUrl\":\"https:\\\/\\\/ducktape.eu\\\/wp-content\\\/uploads\\\/2023\\\/08\\\/ducktape-logo.svg\",\"caption\":\"Ducktape\u00ae\"},\"image\":{\"@id\":\"https:\\\/\\\/ducktape.eu\\\/en\\\/#\\\/schema\\\/logo\\\/image\\\/\"}}]}<\/script>\n<!-- \/ Yoast SEO plugin. -->","yoast_head_json":{"title":"Duck\u00ae Nano-Grab | Ducktape\u00ae","description":"Entdecken Sie das vielseitige Produktsortiment von Duck\u00ae: Klebeb\u00e4nder f\u00fcr Innen, Au\u00dfen, Malerarbeiten, Reparaturen und Befestigungen.","robots":{"index":"index","follow":"follow","max-snippet":"max-snippet:-1","max-image-preview":"max-image-preview:large","max-video-preview":"max-video-preview:-1"},"canonical":"https:\/\/ducktape.eu\/en\/product\/mount\/duck-nano-grab\/","og_locale":"en_US","og_type":"article","og_title":"Duck\u00ae Nano-Grab | Ducktape\u00ae","og_description":"Entdecken Sie das vielseitige Produktsortiment von Duck\u00ae: Klebeb\u00e4nder f\u00fcr Innen, Au\u00dfen, Malerarbeiten, Reparaturen und Befestigungen.","og_url":"https:\/\/ducktape.eu\/en\/product\/mount\/duck-nano-grab\/","og_site_name":"Ducktape\u00ae","og_image":[{"width":820,"height":1024,"url":"https:\/\/ducktape.eu\/wp-content\/uploads\/2023\/10\/DCK_Nano_147-01_225522_Rolle-820x1024.png","type":"image\/png"}],"twitter_card":"summary_large_image","schema":{"@context":"https:\/\/schema.org","@graph":[{"@type":"WebPage","@id":"https:\/\/ducktape.eu\/en\/product\/mount\/duck-nano-grab\/","url":"https:\/\/ducktape.eu\/en\/product\/mount\/duck-nano-grab\/","name":"Duck\u00ae Nano-Grab | Ducktape\u00ae","isPartOf":{"@id":"https:\/\/ducktape.eu\/en\/#website"},"primaryImageOfPage":{"@id":"https:\/\/ducktape.eu\/en\/product\/mount\/duck-nano-grab\/#primaryimage"},"image":{"@id":"https:\/\/ducktape.eu\/en\/product\/mount\/duck-nano-grab\/#primaryimage"},"thumbnailUrl":"https:\/\/ducktape.eu\/wp-content\/uploads\/2023\/10\/DCK_Nano_147-01_225522_Rolle.png","datePublished":"2023-10-13T10:38:44+00:00","description":"Entdecken Sie das vielseitige Produktsortiment von Duck\u00ae: Klebeb\u00e4nder f\u00fcr Innen, Au\u00dfen, Malerarbeiten, Reparaturen und Befestigungen.","breadcrumb":{"@id":"https:\/\/ducktape.eu\/en\/product\/mount\/duck-nano-grab\/#breadcrumb"},"inLanguage":"en-US","potentialAction":[{"@type":"ReadAction","target":["https:\/\/ducktape.eu\/en\/product\/mount\/duck-nano-grab\/"]}]},{"@type":"ImageObject","inLanguage":"en-US","@id":"https:\/\/ducktape.eu\/en\/product\/mount\/duck-nano-grab\/#primaryimage","url":"https:\/\/ducktape.eu\/wp-content\/uploads\/2023\/10\/DCK_Nano_147-01_225522_Rolle.png","contentUrl":"https:\/\/ducktape.eu\/wp-content\/uploads\/2023\/10\/DCK_Nano_147-01_225522_Rolle.png","width":2362,"height":2948},{"@type":"BreadcrumbList","@id":"https:\/\/ducktape.eu\/en\/product\/mount\/duck-nano-grab\/#breadcrumb","itemListElement":[{"@type":"ListItem","position":1,"name":"Home","item":"https:\/\/ducktape.eu\/en\/homepage\/"},{"@type":"ListItem","position":2,"name":"Products","item":"https:\/\/ducktape.eu\/en\/shop\/"},{"@type":"ListItem","position":3,"name":"mount","item":"https:\/\/ducktape.eu\/en\/product-category\/mount\/"},{"@type":"ListItem","position":4,"name":"Duck\u00ae Nano-Grab"}]},{"@type":"WebSite","@id":"https:\/\/ducktape.eu\/en\/#website","url":"https:\/\/ducktape.eu\/en\/","name":"Ducktape\u00ae","description":"","publisher":{"@id":"https:\/\/ducktape.eu\/en\/#organization"},"potentialAction":[{"@type":"SearchAction","target":{"@type":"EntryPoint","urlTemplate":"https:\/\/ducktape.eu\/en\/?s={search_term_string}"},"query-input":{"@type":"PropertyValueSpecification","valueRequired":true,"valueName":"search_term_string"}}],"inLanguage":"en-US"},{"@type":"Organization","@id":"https:\/\/ducktape.eu\/en\/#organization","name":"Ducktape\u00ae","url":"https:\/\/ducktape.eu\/en\/","logo":{"@type":"ImageObject","inLanguage":"en-US","@id":"https:\/\/ducktape.eu\/en\/#\/schema\/logo\/image\/","url":"https:\/\/ducktape.eu\/wp-content\/uploads\/2023\/08\/ducktape-logo.svg","contentUrl":"https:\/\/ducktape.eu\/wp-content\/uploads\/2023\/08\/ducktape-logo.svg","caption":"Ducktape\u00ae"},"image":{"@id":"https:\/\/ducktape.eu\/en\/#\/schema\/logo\/image\/"}}]}},"_links":{"self":[{"href":"https:\/\/ducktape.eu\/en\/wp-json\/wp\/v2\/product\/6404","targetHints":{"allow":["GET"]}}],"collection":[{"href":"https:\/\/ducktape.eu\/en\/wp-json\/wp\/v2\/product"}],"about":[{"href":"https:\/\/ducktape.eu\/en\/wp-json\/wp\/v2\/types\/product"}],"replies":[{"embeddable":true,"href":"https:\/\/ducktape.eu\/en\/wp-json\/wp\/v2\/comments?post=6404"}],"wp:featuredmedia":[{"embeddable":true,"href":"https:\/\/ducktape.eu\/en\/wp-json\/wp\/v2\/media\/3409"}],"wp:attachment":[{"href":"https:\/\/ducktape.eu\/en\/wp-json\/wp\/v2\/media?parent=6404"}],"wp:term":[{"taxonomy":"product_brand","embeddable":true,"href":"https:\/\/ducktape.eu\/en\/wp-json\/wp\/v2\/product_brand?post=6404"},{"taxonomy":"product_cat","embeddable":true,"href":"https:\/\/ducktape.eu\/en\/wp-json\/wp\/v2\/product_cat?post=6404"},{"taxonomy":"product_tag","embeddable":true,"href":"https:\/\/ducktape.eu\/en\/wp-json\/wp\/v2\/product_tag?post=6404"}],"curies":[{"name":"wp","href":"https:\/\/api.w.org\/{rel}","templated":true}]}}