{"id":6229,"date":"2023-08-28T16:13:43","date_gmt":"2023-08-28T14:13:43","guid":{"rendered":"https:\/\/ducktape.eu\/produkt\/uncategorized\/duck-protective-tape-cross-grooved-yellow\/"},"modified":"2023-08-28T16:13:43","modified_gmt":"2023-08-28T14:13:43","slug":"duck-protective-tape-cross-grooved-yellow","status":"publish","type":"product","link":"https:\/\/ducktape.eu\/en\/product\/cover-protect\/duck-protective-tape-cross-grooved-yellow\/","title":{"rendered":"Duck<sup>\u00ae<\/sup> protective tape cross-grooved yellow"},"content":{"rendered":"<p><strong>Properties  <\/strong><\/p>\n<ul>\n<li>Tearable by hand<\/li>\n<li>Straight tear-off edges thanks to cross grooving<\/li>\n<li>weatherproof<\/li>\n<li>durable<\/li>\n<li>Insensitive to solar radiation<\/li>\n<li>Dimensions: 50mm x 33m<\/li>\n<\/ul>\n<p>&nbsp;<\/p>\n<p><strong>Field of application<\/strong><\/p>\n<ul>\n<li>Long-term masking for plastering, stucco and building protection work on smooth surfaces such as wood (painted or primed), aluminum or glass<\/li>\n<li>Caution with weathered surfaces<\/li>\n<li>For indoor and outdoor use<\/li>\n<\/ul>\n","protected":false},"excerpt":{"rendered":"<p>Our plastering tape is a real star for your building work at home. Easy to tear by hand and always a straight tear-off edge thanks to the cross creasing &#8211; this makes masking really fun.<\/p>\n<p>The plastering tape is ideal for use on substrates such as wood, aluminum or glass. And tell me, weatherproof and durable? Check! It is even immune to the sun.<\/p>\n<p>It is particularly cool for long-term masking work. Precise and reliable, like a true professional.<\/p>\n<p>Just stick it on and see how it makes work child&#8217;s play!<\/p>\n","protected":false},"featured_media":520,"comment_status":"open","ping_status":"closed","template":"","meta":[],"product_brand":[],"product_cat":[59],"product_tag":[],"class_list":{"0":"post-6229","1":"product","2":"type-product","3":"status-publish","4":"has-post-thumbnail","6":"product_cat-cover-protect","8":"first","9":"instock","10":"shipping-taxable","11":"product-type-simple"},"yoast_head":"<!-- This site is optimized with the Yoast SEO plugin v27.4 - https:\/\/yoast.com\/product\/yoast-seo-wordpress\/ -->\n<title>Duck\u00ae protective tape cross-grooved yellow | Ducktape\u00ae<\/title>\n<meta name=\"description\" content=\"Entdecken Sie das vielseitige Produktsortiment von Duck\u00ae: Klebeb\u00e4nder f\u00fcr Innen, Au\u00dfen, Malerarbeiten, Reparaturen und Befestigungen.\" \/>\n<meta name=\"robots\" content=\"index, follow, max-snippet:-1, max-image-preview:large, max-video-preview:-1\" \/>\n<link rel=\"canonical\" href=\"https:\/\/ducktape.eu\/en\/product\/cover-protect\/duck-protective-tape-cross-grooved-yellow\/\" \/>\n<meta property=\"og:locale\" content=\"en_US\" \/>\n<meta property=\"og:type\" content=\"article\" \/>\n<meta property=\"og:title\" content=\"Duck\u00ae protective tape cross-grooved yellow | Ducktape\u00ae\" \/>\n<meta property=\"og:description\" content=\"Entdecken Sie das vielseitige Produktsortiment von Duck\u00ae: Klebeb\u00e4nder f\u00fcr Innen, Au\u00dfen, Malerarbeiten, Reparaturen und Befestigungen.\" \/>\n<meta property=\"og:url\" content=\"https:\/\/ducktape.eu\/en\/product\/cover-protect\/duck-protective-tape-cross-grooved-yellow\/\" \/>\n<meta property=\"og:site_name\" content=\"Ducktape\u00ae\" \/>\n<meta property=\"og:image\" content=\"https:\/\/ducktape.eu\/wp-content\/uploads\/2023\/08\/123-01.png\" \/>\n\t<meta property=\"og:image:width\" content=\"1000\" \/>\n\t<meta property=\"og:image:height\" content=\"1176\" \/>\n\t<meta property=\"og:image:type\" content=\"image\/png\" \/>\n<meta name=\"twitter:card\" content=\"summary_large_image\" \/>\n<script type=\"application\/ld+json\" class=\"yoast-schema-graph\">{\"@context\":\"https:\\\/\\\/schema.org\",\"@graph\":[{\"@type\":\"WebPage\",\"@id\":\"https:\\\/\\\/ducktape.eu\\\/en\\\/product\\\/cover-protect\\\/duck-protective-tape-cross-grooved-yellow\\\/\",\"url\":\"https:\\\/\\\/ducktape.eu\\\/en\\\/product\\\/cover-protect\\\/duck-protective-tape-cross-grooved-yellow\\\/\",\"name\":\"Duck\u00ae protective tape cross-grooved yellow | Ducktape\u00ae\",\"isPartOf\":{\"@id\":\"https:\\\/\\\/ducktape.eu\\\/en\\\/#website\"},\"primaryImageOfPage\":{\"@id\":\"https:\\\/\\\/ducktape.eu\\\/en\\\/product\\\/cover-protect\\\/duck-protective-tape-cross-grooved-yellow\\\/#primaryimage\"},\"image\":{\"@id\":\"https:\\\/\\\/ducktape.eu\\\/en\\\/product\\\/cover-protect\\\/duck-protective-tape-cross-grooved-yellow\\\/#primaryimage\"},\"thumbnailUrl\":\"https:\\\/\\\/ducktape.eu\\\/wp-content\\\/uploads\\\/2023\\\/08\\\/123-01.png\",\"datePublished\":\"2023-08-28T14:13:43+00:00\",\"description\":\"Entdecken Sie das vielseitige Produktsortiment von Duck\u00ae: Klebeb\u00e4nder f\u00fcr Innen, Au\u00dfen, Malerarbeiten, Reparaturen und Befestigungen.\",\"breadcrumb\":{\"@id\":\"https:\\\/\\\/ducktape.eu\\\/en\\\/product\\\/cover-protect\\\/duck-protective-tape-cross-grooved-yellow\\\/#breadcrumb\"},\"inLanguage\":\"en-US\",\"potentialAction\":[{\"@type\":\"ReadAction\",\"target\":[\"https:\\\/\\\/ducktape.eu\\\/en\\\/product\\\/cover-protect\\\/duck-protective-tape-cross-grooved-yellow\\\/\"]}]},{\"@type\":\"ImageObject\",\"inLanguage\":\"en-US\",\"@id\":\"https:\\\/\\\/ducktape.eu\\\/en\\\/product\\\/cover-protect\\\/duck-protective-tape-cross-grooved-yellow\\\/#primaryimage\",\"url\":\"https:\\\/\\\/ducktape.eu\\\/wp-content\\\/uploads\\\/2023\\\/08\\\/123-01.png\",\"contentUrl\":\"https:\\\/\\\/ducktape.eu\\\/wp-content\\\/uploads\\\/2023\\\/08\\\/123-01.png\",\"width\":1000,\"height\":1176},{\"@type\":\"BreadcrumbList\",\"@id\":\"https:\\\/\\\/ducktape.eu\\\/en\\\/product\\\/cover-protect\\\/duck-protective-tape-cross-grooved-yellow\\\/#breadcrumb\",\"itemListElement\":[{\"@type\":\"ListItem\",\"position\":1,\"name\":\"Home\",\"item\":\"https:\\\/\\\/ducktape.eu\\\/en\\\/homepage\\\/\"},{\"@type\":\"ListItem\",\"position\":2,\"name\":\"Products\",\"item\":\"https:\\\/\\\/ducktape.eu\\\/en\\\/shop\\\/\"},{\"@type\":\"ListItem\",\"position\":3,\"name\":\"cover &amp; protect\",\"item\":\"https:\\\/\\\/ducktape.eu\\\/en\\\/product-category\\\/cover-protect\\\/\"},{\"@type\":\"ListItem\",\"position\":4,\"name\":\"Duck\u00ae protective tape cross-grooved yellow\"}]},{\"@type\":\"WebSite\",\"@id\":\"https:\\\/\\\/ducktape.eu\\\/en\\\/#website\",\"url\":\"https:\\\/\\\/ducktape.eu\\\/en\\\/\",\"name\":\"Ducktape\u00ae\",\"description\":\"\",\"publisher\":{\"@id\":\"https:\\\/\\\/ducktape.eu\\\/en\\\/#organization\"},\"potentialAction\":[{\"@type\":\"SearchAction\",\"target\":{\"@type\":\"EntryPoint\",\"urlTemplate\":\"https:\\\/\\\/ducktape.eu\\\/en\\\/?s={search_term_string}\"},\"query-input\":{\"@type\":\"PropertyValueSpecification\",\"valueRequired\":true,\"valueName\":\"search_term_string\"}}],\"inLanguage\":\"en-US\"},{\"@type\":\"Organization\",\"@id\":\"https:\\\/\\\/ducktape.eu\\\/en\\\/#organization\",\"name\":\"Ducktape\u00ae\",\"url\":\"https:\\\/\\\/ducktape.eu\\\/en\\\/\",\"logo\":{\"@type\":\"ImageObject\",\"inLanguage\":\"en-US\",\"@id\":\"https:\\\/\\\/ducktape.eu\\\/en\\\/#\\\/schema\\\/logo\\\/image\\\/\",\"url\":\"https:\\\/\\\/ducktape.eu\\\/wp-content\\\/uploads\\\/2023\\\/08\\\/ducktape-logo.svg\",\"contentUrl\":\"https:\\\/\\\/ducktape.eu\\\/wp-content\\\/uploads\\\/2023\\\/08\\\/ducktape-logo.svg\",\"caption\":\"Ducktape\u00ae\"},\"image\":{\"@id\":\"https:\\\/\\\/ducktape.eu\\\/en\\\/#\\\/schema\\\/logo\\\/image\\\/\"}}]}<\/script>\n<!-- \/ Yoast SEO plugin. -->","yoast_head_json":{"title":"Duck\u00ae protective tape cross-grooved yellow | Ducktape\u00ae","description":"Entdecken Sie das vielseitige Produktsortiment von Duck\u00ae: Klebeb\u00e4nder f\u00fcr Innen, Au\u00dfen, Malerarbeiten, Reparaturen und Befestigungen.","robots":{"index":"index","follow":"follow","max-snippet":"max-snippet:-1","max-image-preview":"max-image-preview:large","max-video-preview":"max-video-preview:-1"},"canonical":"https:\/\/ducktape.eu\/en\/product\/cover-protect\/duck-protective-tape-cross-grooved-yellow\/","og_locale":"en_US","og_type":"article","og_title":"Duck\u00ae protective tape cross-grooved yellow | Ducktape\u00ae","og_description":"Entdecken Sie das vielseitige Produktsortiment von Duck\u00ae: Klebeb\u00e4nder f\u00fcr Innen, Au\u00dfen, Malerarbeiten, Reparaturen und Befestigungen.","og_url":"https:\/\/ducktape.eu\/en\/product\/cover-protect\/duck-protective-tape-cross-grooved-yellow\/","og_site_name":"Ducktape\u00ae","og_image":[{"width":1000,"height":1176,"url":"https:\/\/ducktape.eu\/wp-content\/uploads\/2023\/08\/123-01.png","type":"image\/png"}],"twitter_card":"summary_large_image","schema":{"@context":"https:\/\/schema.org","@graph":[{"@type":"WebPage","@id":"https:\/\/ducktape.eu\/en\/product\/cover-protect\/duck-protective-tape-cross-grooved-yellow\/","url":"https:\/\/ducktape.eu\/en\/product\/cover-protect\/duck-protective-tape-cross-grooved-yellow\/","name":"Duck\u00ae protective tape cross-grooved yellow | Ducktape\u00ae","isPartOf":{"@id":"https:\/\/ducktape.eu\/en\/#website"},"primaryImageOfPage":{"@id":"https:\/\/ducktape.eu\/en\/product\/cover-protect\/duck-protective-tape-cross-grooved-yellow\/#primaryimage"},"image":{"@id":"https:\/\/ducktape.eu\/en\/product\/cover-protect\/duck-protective-tape-cross-grooved-yellow\/#primaryimage"},"thumbnailUrl":"https:\/\/ducktape.eu\/wp-content\/uploads\/2023\/08\/123-01.png","datePublished":"2023-08-28T14:13:43+00:00","description":"Entdecken Sie das vielseitige Produktsortiment von Duck\u00ae: Klebeb\u00e4nder f\u00fcr Innen, Au\u00dfen, Malerarbeiten, Reparaturen und Befestigungen.","breadcrumb":{"@id":"https:\/\/ducktape.eu\/en\/product\/cover-protect\/duck-protective-tape-cross-grooved-yellow\/#breadcrumb"},"inLanguage":"en-US","potentialAction":[{"@type":"ReadAction","target":["https:\/\/ducktape.eu\/en\/product\/cover-protect\/duck-protective-tape-cross-grooved-yellow\/"]}]},{"@type":"ImageObject","inLanguage":"en-US","@id":"https:\/\/ducktape.eu\/en\/product\/cover-protect\/duck-protective-tape-cross-grooved-yellow\/#primaryimage","url":"https:\/\/ducktape.eu\/wp-content\/uploads\/2023\/08\/123-01.png","contentUrl":"https:\/\/ducktape.eu\/wp-content\/uploads\/2023\/08\/123-01.png","width":1000,"height":1176},{"@type":"BreadcrumbList","@id":"https:\/\/ducktape.eu\/en\/product\/cover-protect\/duck-protective-tape-cross-grooved-yellow\/#breadcrumb","itemListElement":[{"@type":"ListItem","position":1,"name":"Home","item":"https:\/\/ducktape.eu\/en\/homepage\/"},{"@type":"ListItem","position":2,"name":"Products","item":"https:\/\/ducktape.eu\/en\/shop\/"},{"@type":"ListItem","position":3,"name":"cover &amp; protect","item":"https:\/\/ducktape.eu\/en\/product-category\/cover-protect\/"},{"@type":"ListItem","position":4,"name":"Duck\u00ae protective tape cross-grooved yellow"}]},{"@type":"WebSite","@id":"https:\/\/ducktape.eu\/en\/#website","url":"https:\/\/ducktape.eu\/en\/","name":"Ducktape\u00ae","description":"","publisher":{"@id":"https:\/\/ducktape.eu\/en\/#organization"},"potentialAction":[{"@type":"SearchAction","target":{"@type":"EntryPoint","urlTemplate":"https:\/\/ducktape.eu\/en\/?s={search_term_string}"},"query-input":{"@type":"PropertyValueSpecification","valueRequired":true,"valueName":"search_term_string"}}],"inLanguage":"en-US"},{"@type":"Organization","@id":"https:\/\/ducktape.eu\/en\/#organization","name":"Ducktape\u00ae","url":"https:\/\/ducktape.eu\/en\/","logo":{"@type":"ImageObject","inLanguage":"en-US","@id":"https:\/\/ducktape.eu\/en\/#\/schema\/logo\/image\/","url":"https:\/\/ducktape.eu\/wp-content\/uploads\/2023\/08\/ducktape-logo.svg","contentUrl":"https:\/\/ducktape.eu\/wp-content\/uploads\/2023\/08\/ducktape-logo.svg","caption":"Ducktape\u00ae"},"image":{"@id":"https:\/\/ducktape.eu\/en\/#\/schema\/logo\/image\/"}}]}},"_links":{"self":[{"href":"https:\/\/ducktape.eu\/en\/wp-json\/wp\/v2\/product\/6229","targetHints":{"allow":["GET"]}}],"collection":[{"href":"https:\/\/ducktape.eu\/en\/wp-json\/wp\/v2\/product"}],"about":[{"href":"https:\/\/ducktape.eu\/en\/wp-json\/wp\/v2\/types\/product"}],"replies":[{"embeddable":true,"href":"https:\/\/ducktape.eu\/en\/wp-json\/wp\/v2\/comments?post=6229"}],"wp:featuredmedia":[{"embeddable":true,"href":"https:\/\/ducktape.eu\/en\/wp-json\/wp\/v2\/media\/520"}],"wp:attachment":[{"href":"https:\/\/ducktape.eu\/en\/wp-json\/wp\/v2\/media?parent=6229"}],"wp:term":[{"taxonomy":"product_brand","embeddable":true,"href":"https:\/\/ducktape.eu\/en\/wp-json\/wp\/v2\/product_brand?post=6229"},{"taxonomy":"product_cat","embeddable":true,"href":"https:\/\/ducktape.eu\/en\/wp-json\/wp\/v2\/product_cat?post=6229"},{"taxonomy":"product_tag","embeddable":true,"href":"https:\/\/ducktape.eu\/en\/wp-json\/wp\/v2\/product_tag?post=6229"}],"curies":[{"name":"wp","href":"https:\/\/api.w.org\/{rel}","templated":true}]}}